{"id":1398,"date":"2024-02-08T11:17:47","date_gmt":"2024-02-08T11:17:47","guid":{"rendered":"https:\/\/cori-decor.com\/etichettatura-ambientale\/"},"modified":"2024-05-28T14:45:31","modified_gmt":"2024-05-28T14:45:31","slug":"umweltkennzeichnung","status":"publish","type":"page","link":"https:\/\/cori-decor.com\/de\/umweltkennzeichnung\/","title":{"rendered":"Umweltkennzeichnung"},"content":{"rendered":"<p>[et_pb_section fb_built=&#8220;1&#8243; _builder_version=&#8220;4.24.0&#8243; _module_preset=&#8220;default&#8220; background_image=&#8220;https:\/\/cori-decor.com\/wp-content\/uploads\/2023\/12\/Pattern.png&#8220; custom_padding=&#8220;1%||||false|false&#8220; global_colors_info=&#8220;{}&#8220;][et_pb_row _builder_version=&#8220;4.24.0&#8243; _module_preset=&#8220;default&#8220; width=&#8220;100%&#8220; max_width=&#8220;98%&#8220; custom_padding=&#8220;0px||0px||true|false&#8220; locked=&#8220;off&#8220; global_colors_info=&#8220;{}&#8220;][et_pb_column type=&#8220;4_4&#8243; _builder_version=&#8220;4.24.0&#8243; _module_preset=&#8220;default&#8220; global_colors_info=&#8220;{}&#8220;][dipl_breadcrumb nav_bg_color=&#8220;#F6F6F6&#8243; enable_different_bg=&#8220;on&#8220; breadcrumb_item_custom_padding=&#8220;7%||7%||true|false&#8220; use_home_link_custom_text=&#8220;off&#8220; _builder_version=&#8220;4.24.0&#8243; _module_preset=&#8220;default&#8220; global_text_settings_font_size=&#8220;12px&#8220; text_text_color=&#8220;#F6F6F6&#8243; link_text_color=&#8220;#A4773C&#8220; global_colors_info=&#8220;{}&#8220;][\/dipl_breadcrumb][\/et_pb_column][\/et_pb_row][et_pb_row _builder_version=&#8220;4.23.1&#8243; _module_preset=&#8220;default&#8220; custom_margin=&#8220;||3%||false|false&#8220; global_colors_info=&#8220;{}&#8220;][et_pb_column type=&#8220;4_4&#8243; _builder_version=&#8220;4.23.1&#8243; _module_preset=&#8220;default&#8220; global_colors_info=&#8220;{}&#8220;][et_pb_text _builder_version=&#8220;4.23.4&#8243; _module_preset=&#8220;default&#8220; text_font=&#8220;Edgaramond Italic &#8211; Variable||||||||&#8220; text_font_size=&#8220;23px&#8220; custom_margin=&#8220;||1%||false|false&#8220; custom_margin_tablet=&#8220;||3%||false|false&#8220; custom_margin_phone=&#8220;||7%||false|false&#8220; custom_margin_last_edited=&#8220;on|tablet&#8220; global_colors_info=&#8220;{}&#8220;]<\/p>\n<p>Informationsseite<\/p>\n<p>[\/et_pb_text][et_pb_text _builder_version=&#8220;4.23.4&#8243; _module_preset=&#8220;default&#8220; header_font=&#8220;||||||||&#8220; header_text_align=&#8220;left&#8220; header_font_size=&#8220;7em&#8220; header_font_size_tablet=&#8220;5em&#8220; header_font_size_phone=&#8220;2.8em&#8220; header_font_size_last_edited=&#8220;on|phone&#8220; global_colors_info=&#8220;{}&#8220;]<\/p>\n<h1>Umweltkennzeichnung<\/h1>\n<p>[\/et_pb_text][\/et_pb_column][\/et_pb_row][et_pb_row column_structure=&#8220;2_5,3_5&#8243; make_equal=&#8220;on&#8220; _builder_version=&#8220;4.23.4&#8243; _module_preset=&#8220;default&#8220; global_colors_info=&#8220;{}&#8220;][et_pb_column type=&#8220;2_5&#8243; _builder_version=&#8220;4.23.1&#8243; _module_preset=&#8220;default&#8220; global_colors_info=&#8220;{}&#8220;][et_pb_image src=&#8220;https:\/\/cori-decor.com\/wp-content\/uploads\/2024\/02\/DOVE-LO-BUTTO.jpg&#8220; title_text=&#8220;WO ICH BUT IT&#8220; _builder_version=&#8220;4.24.0&#8243; _module_preset=&#8220;default&#8220; global_colors_info=&#8220;{}&#8220;][\/et_pb_image][\/et_pb_column][et_pb_column type=&#8220;3_5&#8243; _builder_version=&#8220;4.23.1&#8243; _module_preset=&#8220;default&#8220; global_colors_info=&#8220;{}&#8220;][et_pb_text _builder_version=&#8220;4.24.0&#8243; _module_preset=&#8220;default&#8220; text_font_size=&#8220;16px&#8220; global_colors_info=&#8220;{}&#8220;]<\/p>\n<p>Die Umweltkennzeichnung ist ein wichtiger Schritt hin zu <strong>einer nachhaltigeren Abfallbewirtschaftung<\/strong>, die zu einer st\u00e4rkeren Beteiligung von Unternehmen und Verbrauchern an der getrennten M\u00fcllsammlung f\u00fchrt. Die Einf\u00fchrung der Umweltkennzeichnung auf allen Verpackungen ab dem 1. Januar 2023 stellt eine konkrete Verpflichtung dar, <strong>um Verbraucher \u00fcber die richtige Entsorgung von Materialien zu sensibilisieren und zu informieren. <\/strong><\/p>\n<p>Hier einige Hinweise zur Umweltkennzeichnung von CORI:<\/p>\n<ul>\n<li><strong>Materialcode: <\/strong> Jeder Bestandteil der Verpackung wird mit einem alphanumerischen Code gekennzeichnet, der den verwendeten Materialtyp angibt. Dies ist n\u00fctzlich, um die verschiedenen Materialien bei der getrennten Sammlung zu identifizieren und zu trennen.<\/li>\n<li><strong>Angaben zur Sammlung:<\/strong> Es wird angegeben, wo die Verpackung zu sammeln ist, um den Prozess der getrennten Sammlung zu vereinfachen.<\/li>\n<li><strong>Tipps f\u00fcr die M\u00fclltrennung:<\/strong> Enthalten sind praktische Tipps zur Verbesserung der Qualit\u00e4t der M\u00fclltrennung.<\/li>\n<\/ul>\n<p>Es wird empfohlen, die spezifischen Anweisungen f\u00fcr die M\u00fclltrennung in Ihrer Gemeinde zu beachten, da die Verfahren von Ort zu Ort variieren k\u00f6nnen. Die aktive Beteiligung der Verbraucher ist f\u00fcr den Erfolg dieser Initiativen von entscheidender Bedeutung, <strong>da jeder zur Verbesserung der Umwelt durch eine angemessene Abfallbewirtschaftung beitragen kann. <\/strong><\/p>\n<p>[\/et_pb_text][\/et_pb_column][\/et_pb_row][\/et_pb_section]<\/p>\n","protected":false},"excerpt":{"rendered":"<p><div class=\"et_pb_module dipl_breadcrumb dipl_breadcrumb_0\">\n\t\t\t\t\n\t\t\t\t\n\t\t\t\t\n\t\t\t\t\n\t\t\t\t\n\t\t\t\t\n\t\t\t\t<div class=\"et_pb_module_inner\">\n\t\t\t\t\t<div class=\"dipl-breadcrumb-wrapper layout1\">\n\t\t\t\t\t\t\t\t<ol class=\"dipl-breadcrumb-inner\" vocab=\"https:\/\/schema.org\/\" typeof=\"BreadcrumbList\">\n\t\t\t\t\t\t\t\t\t<li property=\"itemListElement\" typeof=\"ListItem\" >\n\t\t\t\t\t\t\t\t\t\t\t\t\t\t    <a class=\"breadcrumb-item dipl-home-page\" href=\"https:\/\/cori-decor.com\/de\/\" property=\"item\" typeof=\"WebPage\" >\n\t\t\t\t\t\t\t\t\t\t\t\t\t\t      \t<span class=\"breadcrumb-page\" property=\"name\">Home<\/span>\n\t\t\t\t\t\t\t\t\t\t\t\t\t\t    <\/a>\n\t\t\t\t\t\t\t\t\t\t\t\t\t\t    <meta property=\"position\" content=\"1\" \/>\n\t\t\t\t\t\t\t\t\t\t\t\t\t\t<\/li>\n\t\t\t\t\t\t\t\t<\/ol>\n\t\t\t\t\t\t\t<\/div>\n\t\t\t\t<\/div>\n\t\t\t<\/div>InformationsseiteUmweltkennzeichnungDie Umweltkennzeichnung ist ein wichtiger Schritt hin zu einer nachhaltigeren Abfallbewirtschaftung, die zu einer st\u00e4rkeren Beteiligung von Unternehmen und Verbrauchern an der getrennten M\u00fcllsammlung f\u00fchrt. Die Einf\u00fchrung der Umweltkennzeichnung auf allen Verpackungen ab dem 1. Januar 2023 stellt eine konkrete Verpflichtung dar, um Verbraucher \u00fcber [&hellip;]<\/p>\n","protected":false},"author":1,"featured_media":0,"parent":0,"menu_order":0,"comment_status":"closed","ping_status":"closed","template":"","meta":{"_acf_changed":false,"_et_pb_use_builder":"on","_et_pb_old_content":"","_et_gb_content_width":"","footnotes":""},"class_list":["post-1398","page","type-page","status-publish","hentry"],"acf":[],"yoast_head":"<!-- This site is optimized with the Yoast SEO plugin v25.4 - https:\/\/yoast.com\/wordpress\/plugins\/seo\/ -->\n<title>Umweltkennzeichnung - Coridecor<\/title>\n<meta name=\"description\" content=\"Entdecken Sie unser Engagement f\u00fcr Umweltkennzeichnung und Nachhaltigkeit. Erfahren Sie mehr \u00fcber unsere Praktiken und Werte f\u00fcr eine gr\u00fcnere Welt.\" \/>\n<meta name=\"robots\" content=\"index, follow, max-snippet:-1, max-image-preview:large, max-video-preview:-1\" \/>\n<link rel=\"canonical\" href=\"https:\/\/cori-decor.com\/de\/umweltkennzeichnung\/\" \/>\n<meta property=\"og:locale\" content=\"de_DE\" \/>\n<meta property=\"og:type\" content=\"article\" \/>\n<meta property=\"og:title\" content=\"Umweltkennzeichnung - Coridecor\" \/>\n<meta property=\"og:description\" content=\"Entdecken Sie unser Engagement f\u00fcr Umweltkennzeichnung und Nachhaltigkeit. Erfahren Sie mehr \u00fcber unsere Praktiken und Werte f\u00fcr eine gr\u00fcnere Welt.\" \/>\n<meta property=\"og:url\" content=\"https:\/\/cori-decor.com\/de\/umweltkennzeichnung\/\" \/>\n<meta property=\"og:site_name\" content=\"Coridecor\" \/>\n<meta property=\"article:modified_time\" content=\"2024-05-28T14:45:31+00:00\" \/>\n<meta name=\"twitter:card\" content=\"summary_large_image\" \/>\n<meta name=\"twitter:label1\" content=\"Gesch\u00e4tzte Lesezeit\" \/>\n\t<meta name=\"twitter:data1\" content=\"3\u00a0Minuten\" \/>\n<script type=\"application\/ld+json\" class=\"yoast-schema-graph\">{\"@context\":\"https:\/\/schema.org\",\"@graph\":[{\"@type\":\"WebPage\",\"@id\":\"https:\/\/cori-decor.com\/de\/umweltkennzeichnung\/\",\"url\":\"https:\/\/cori-decor.com\/de\/umweltkennzeichnung\/\",\"name\":\"Umweltkennzeichnung - Coridecor\",\"isPartOf\":{\"@id\":\"https:\/\/cori-decor.com\/de\/#website\"},\"datePublished\":\"2024-02-08T11:17:47+00:00\",\"dateModified\":\"2024-05-28T14:45:31+00:00\",\"description\":\"Entdecken Sie unser Engagement f\u00fcr Umweltkennzeichnung und Nachhaltigkeit. Erfahren Sie mehr \u00fcber unsere Praktiken und Werte f\u00fcr eine gr\u00fcnere Welt.\",\"breadcrumb\":{\"@id\":\"https:\/\/cori-decor.com\/de\/umweltkennzeichnung\/#breadcrumb\"},\"inLanguage\":\"de\",\"potentialAction\":[{\"@type\":\"ReadAction\",\"target\":[\"https:\/\/cori-decor.com\/de\/umweltkennzeichnung\/\"]}]},{\"@type\":\"BreadcrumbList\",\"@id\":\"https:\/\/cori-decor.com\/de\/umweltkennzeichnung\/#breadcrumb\",\"itemListElement\":[{\"@type\":\"ListItem\",\"position\":1,\"name\":\"Home\",\"item\":\"https:\/\/cori-decor.com\/de\/startseite\/\"},{\"@type\":\"ListItem\",\"position\":2,\"name\":\"Umweltkennzeichnung\"}]},{\"@type\":\"WebSite\",\"@id\":\"https:\/\/cori-decor.com\/de\/#website\",\"url\":\"https:\/\/cori-decor.com\/de\/\",\"name\":\"Cori Decor\",\"description\":\"\",\"publisher\":{\"@id\":\"https:\/\/cori-decor.com\/de\/#organization\"},\"potentialAction\":[{\"@type\":\"SearchAction\",\"target\":{\"@type\":\"EntryPoint\",\"urlTemplate\":\"https:\/\/cori-decor.com\/de\/?s={search_term_string}\"},\"query-input\":{\"@type\":\"PropertyValueSpecification\",\"valueRequired\":true,\"valueName\":\"search_term_string\"}}],\"inLanguage\":\"de\"},{\"@type\":\"Organization\",\"@id\":\"https:\/\/cori-decor.com\/de\/#organization\",\"name\":\"Cori S.r.l.\",\"url\":\"https:\/\/cori-decor.com\/de\/\",\"logo\":{\"@type\":\"ImageObject\",\"inLanguage\":\"de\",\"@id\":\"https:\/\/cori-decor.com\/de\/#\/schema\/logo\/image\/\",\"url\":\"https:\/\/cori-decor.com\/wp-content\/uploads\/2023\/12\/Logo-CORIDECOR.png\",\"contentUrl\":\"https:\/\/cori-decor.com\/wp-content\/uploads\/2023\/12\/Logo-CORIDECOR.png\",\"width\":828,\"height\":320,\"caption\":\"Cori S.r.l.\"},\"image\":{\"@id\":\"https:\/\/cori-decor.com\/de\/#\/schema\/logo\/image\/\"}}]}<\/script>\n<!-- \/ Yoast SEO plugin. -->","yoast_head_json":{"title":"Umweltkennzeichnung - Coridecor","description":"Entdecken Sie unser Engagement f\u00fcr Umweltkennzeichnung und Nachhaltigkeit. Erfahren Sie mehr \u00fcber unsere Praktiken und Werte f\u00fcr eine gr\u00fcnere Welt.","robots":{"index":"index","follow":"follow","max-snippet":"max-snippet:-1","max-image-preview":"max-image-preview:large","max-video-preview":"max-video-preview:-1"},"canonical":"https:\/\/cori-decor.com\/de\/umweltkennzeichnung\/","og_locale":"de_DE","og_type":"article","og_title":"Umweltkennzeichnung - Coridecor","og_description":"Entdecken Sie unser Engagement f\u00fcr Umweltkennzeichnung und Nachhaltigkeit. Erfahren Sie mehr \u00fcber unsere Praktiken und Werte f\u00fcr eine gr\u00fcnere Welt.","og_url":"https:\/\/cori-decor.com\/de\/umweltkennzeichnung\/","og_site_name":"Coridecor","article_modified_time":"2024-05-28T14:45:31+00:00","twitter_card":"summary_large_image","twitter_misc":{"Gesch\u00e4tzte Lesezeit":"3\u00a0Minuten"},"schema":{"@context":"https:\/\/schema.org","@graph":[{"@type":"WebPage","@id":"https:\/\/cori-decor.com\/de\/umweltkennzeichnung\/","url":"https:\/\/cori-decor.com\/de\/umweltkennzeichnung\/","name":"Umweltkennzeichnung - Coridecor","isPartOf":{"@id":"https:\/\/cori-decor.com\/de\/#website"},"datePublished":"2024-02-08T11:17:47+00:00","dateModified":"2024-05-28T14:45:31+00:00","description":"Entdecken Sie unser Engagement f\u00fcr Umweltkennzeichnung und Nachhaltigkeit. Erfahren Sie mehr \u00fcber unsere Praktiken und Werte f\u00fcr eine gr\u00fcnere Welt.","breadcrumb":{"@id":"https:\/\/cori-decor.com\/de\/umweltkennzeichnung\/#breadcrumb"},"inLanguage":"de","potentialAction":[{"@type":"ReadAction","target":["https:\/\/cori-decor.com\/de\/umweltkennzeichnung\/"]}]},{"@type":"BreadcrumbList","@id":"https:\/\/cori-decor.com\/de\/umweltkennzeichnung\/#breadcrumb","itemListElement":[{"@type":"ListItem","position":1,"name":"Home","item":"https:\/\/cori-decor.com\/de\/startseite\/"},{"@type":"ListItem","position":2,"name":"Umweltkennzeichnung"}]},{"@type":"WebSite","@id":"https:\/\/cori-decor.com\/de\/#website","url":"https:\/\/cori-decor.com\/de\/","name":"Cori Decor","description":"","publisher":{"@id":"https:\/\/cori-decor.com\/de\/#organization"},"potentialAction":[{"@type":"SearchAction","target":{"@type":"EntryPoint","urlTemplate":"https:\/\/cori-decor.com\/de\/?s={search_term_string}"},"query-input":{"@type":"PropertyValueSpecification","valueRequired":true,"valueName":"search_term_string"}}],"inLanguage":"de"},{"@type":"Organization","@id":"https:\/\/cori-decor.com\/de\/#organization","name":"Cori S.r.l.","url":"https:\/\/cori-decor.com\/de\/","logo":{"@type":"ImageObject","inLanguage":"de","@id":"https:\/\/cori-decor.com\/de\/#\/schema\/logo\/image\/","url":"https:\/\/cori-decor.com\/wp-content\/uploads\/2023\/12\/Logo-CORIDECOR.png","contentUrl":"https:\/\/cori-decor.com\/wp-content\/uploads\/2023\/12\/Logo-CORIDECOR.png","width":828,"height":320,"caption":"Cori S.r.l."},"image":{"@id":"https:\/\/cori-decor.com\/de\/#\/schema\/logo\/image\/"}}]}},"_links":{"self":[{"href":"https:\/\/cori-decor.com\/de\/wp-json\/wp\/v2\/pages\/1398","targetHints":{"allow":["GET"]}}],"collection":[{"href":"https:\/\/cori-decor.com\/de\/wp-json\/wp\/v2\/pages"}],"about":[{"href":"https:\/\/cori-decor.com\/de\/wp-json\/wp\/v2\/types\/page"}],"author":[{"embeddable":true,"href":"https:\/\/cori-decor.com\/de\/wp-json\/wp\/v2\/users\/1"}],"replies":[{"embeddable":true,"href":"https:\/\/cori-decor.com\/de\/wp-json\/wp\/v2\/comments?post=1398"}],"version-history":[{"count":7,"href":"https:\/\/cori-decor.com\/de\/wp-json\/wp\/v2\/pages\/1398\/revisions"}],"predecessor-version":[{"id":1668,"href":"https:\/\/cori-decor.com\/de\/wp-json\/wp\/v2\/pages\/1398\/revisions\/1668"}],"wp:attachment":[{"href":"https:\/\/cori-decor.com\/de\/wp-json\/wp\/v2\/media?parent=1398"}],"curies":[{"name":"wp","href":"https:\/\/api.w.org\/{rel}","templated":true}]}}