{"id":1349,"date":"2024-02-08T09:53:24","date_gmt":"2024-02-08T09:53:24","guid":{"rendered":"https:\/\/cori-decor.com\/politica-qualita-ambiente\/"},"modified":"2024-05-28T14:54:57","modified_gmt":"2024-05-28T14:54:57","slug":"politica-de-calidad-y-medio-ambiente","status":"publish","type":"page","link":"https:\/\/cori-decor.com\/es\/politica-de-calidad-y-medio-ambiente\/","title":{"rendered":"Pol\u00edtica de Calidad y Medio Ambiente"},"content":{"rendered":"<p>[et_pb_section fb_built=\u00bb1&#8243; _builder_version=\u00bb4.24.0&#8243; _module_preset=\u00bbdefault\u00bb background_image=\u00bbhttps:\/\/cori-decor.com\/wp-content\/uploads\/2023\/12\/Pattern.png\u00bb custom_padding=\u00bb1%||||false|false\u00bb global_colors_info=\u00bb{}\u00bb][et_pb_row _builder_version=\u00bb4.24.0&#8243; _module_preset=\u00bbdefault\u00bb width=\u00bb100%\u00bb max_width=\u00bb98%\u00bb custom_padding=\u00bb0px||0px||true|false\u00bb locked=\u00bboff\u00bb global_colors_info=\u00bb{}\u00bb][et_pb_column type=\u00bb4_4&#8243; _builder_version=\u00bb4.24.0&#8243; _module_preset=\u00bbdefault\u00bb global_colors_info=\u00bb{}\u00bb][dipl_breadcrumb nav_bg_color=\u00bb#F6F6F6&#8243; enable_different_bg=\u00bbon\u00bb breadcrumb_item_custom_padding=\u00bb7%||7%||true|false\u00bb use_home_link_custom_text=\u00bboff\u00bb _builder_version=\u00bb4.24.0&#8243; _module_preset=\u00bbdefault\u00bb global_text_settings_font_size=\u00bb12px\u00bb text_text_color=\u00bb#F6F6F6&#8243; link_text_color=\u00bb#A4773C\u00bb global_colors_info=\u00bb{}\u00bb][\/dipl_breadcrumb][\/et_pb_column][\/et_pb_row][et_pb_row _builder_version=\u00bb4.23.1&#8243; _module_preset=\u00bbdefault\u00bb custom_margin=\u00bb||3%||false|false\u00bb global_colors_info=\u00bb{}\u00bb][et_pb_column type=\u00bb4_4&#8243; _builder_version=\u00bb4.23.1&#8243; _module_preset=\u00bbdefault\u00bb global_colors_info=\u00bb{}\u00bb][et_pb_text _builder_version=\u00bb4.23.4&#8243; _module_preset=\u00bbdefault\u00bb text_font=\u00bbEdgaramond Italic &#8211; Variable||||||||\u00bb text_font_size=\u00bb23px\u00bb custom_margin=\u00bb||1%||false|false\u00bb custom_margin_tablet=\u00bb||3%||false|false\u00bb custom_margin_phone=\u00bb||7%||false|false\u00bb custom_margin_last_edited=\u00bbon|tablet\u00bb global_colors_info=\u00bb{}\u00bb]<\/p>\n<p>P\u00e1gina de informaci\u00f3n<\/p>\n<p>[\/et_pb_text][et_pb_text _builder_version=\u00bb4.23.4&#8243; _module_preset=\u00bbdefault\u00bb header_font=\u00bb||||||||\u00bb header_text_align=\u00bbleft\u00bb header_font_size=\u00bb7em\u00bb header_font_size_tablet=\u00bb5em\u00bb header_font_size_phone=\u00bb2.8em\u00bb header_font_size_last_edited=\u00bbon|phone\u00bb global_colors_info=\u00bb{}\u00bb]<\/p>\n<h1>Pol\u00edtica de Calidad y Medio Ambiente<\/h1>\n<p>[\/et_pb_text][\/et_pb_column][\/et_pb_row][et_pb_row _builder_version=\u00bb4.24.0&#8243; _module_preset=\u00bbdefault\u00bb background_image=\u00bbhttps:\/\/cori-decor.com\/wp-content\/uploads\/2024\/02\/politica-ambientale-img.jpg\u00bb parallax=\u00bbon\u00bb custom_margin=\u00bb||3%||false|false\u00bb custom_padding=\u00bb0px||0px||true|false\u00bb global_colors_info=\u00bb{}\u00bb][et_pb_column type=\u00bb4_4&#8243; _builder_version=\u00bb4.23.1&#8243; _module_preset=\u00bbdefault\u00bb global_colors_info=\u00bb{}\u00bb][et_pb_divider show_divider=\u00bboff\u00bb _builder_version=\u00bb4.24.0&#8243; _module_preset=\u00bbdefault\u00bb height=\u00bb60vh\u00bb height_tablet=\u00bb60vh\u00bb height_phone=\u00bb40vh\u00bb height_last_edited=\u00bbon|phone\u00bb global_colors_info=\u00bb{}\u00bb][\/et_pb_divider][\/et_pb_column][\/et_pb_row][et_pb_row column_structure=\u00bb2_5,3_5&#8243; make_equal=\u00bbon\u00bb _builder_version=\u00bb4.23.4&#8243; _module_preset=\u00bbdefault\u00bb global_colors_info=\u00bb{}\u00bb][et_pb_column type=\u00bb2_5&#8243; _builder_version=\u00bb4.23.1&#8243; _module_preset=\u00bbdefault\u00bb global_colors_info=\u00bb{}\u00bb][et_pb_text _builder_version=\u00bb4.24.0&#8243; _module_preset=\u00bbdefault\u00bb text_font=\u00bbEdgaramond Italic &#8211; Variable||||||||\u00bb header_2_font=\u00bb|||on|||||\u00bb header_2_font_size=\u00bb2em\u00bb custom_margin=\u00bb||0px||false|false\u00bb header_2_font_size_tablet=\u00bb2em\u00bb header_2_font_size_phone=\u00bb2em\u00bb header_2_font_size_last_edited=\u00bbon|phone\u00bb global_colors_info=\u00bb{}\u00bb]<\/p>\n<h2>Politica<\/h2>\n<p>[\/et_pb_text][\/et_pb_column][et_pb_column type=\u00bb3_5&#8243; _builder_version=\u00bb4.23.1&#8243; _module_preset=\u00bbdefault\u00bb global_colors_info=\u00bb{}\u00bb][et_pb_text _builder_version=\u00bb4.24.0&#8243; _module_preset=\u00bbdefault\u00bb text_font_size=\u00bb16px\u00bb global_colors_info=\u00bb{}\u00bb]<\/p>\n<p>CORI S.R.L. establece una pol\u00edtica de calidad y medio ambiente con vistas a la <strong>mejora continua con el fin de<\/strong>:<\/p>\n<p><strong><\/strong><\/p>\n<ul>\n<li><strong>Cumplir con las expectativas del cliente<\/strong><\/li>\n<li><strong>Cumplimiento de la legislaci\u00f3n obligatoria aplicable<\/strong><\/li>\n<li><strong>Cumplimiento de las normas UNI EN ISO 9001:2015 y 14001:2015<\/strong> a las que se refiere para su Sistema Integrado de Gesti\u00f3n.<\/li>\n<\/ul>\n<p>[\/et_pb_text][et_pb_text _builder_version=\u00bb4.24.0&#8243; _module_preset=\u00bbdefault\u00bb text_font_size=\u00bb16px\u00bb global_colors_info=\u00bb{}\u00bb]<\/p>\n<p>Sobre esta pol\u00edtica, vigente a partir del 30 de noviembre de 2023, <strong>la Direcci\u00f3n<\/strong> se compromete a:<\/p>\n<p><strong><\/strong><\/p>\n<ul>\n<li><strong>Lograr la conformidad <\/strong> de su Sistema Integrado de Gesti\u00f3n;<\/li>\n<li><strong>Mejorar la satisfacci\u00f3n del cliente; <\/strong><\/li>\n<li><strong>Recopilar datos de la medici\u00f3n de los procesos<\/strong>, para una evaluaci\u00f3n del rendimiento empresarial basada en la objetividad de dichos datos;<\/li>\n<li><strong>Adoptar estrategias para acelerar la digitalizaci\u00f3n de los procesos<\/strong> con el fin de mejorar el cumplimiento de las normas;<\/li>\n<li><strong>Difundir y aplicar esta pol\u00edtica en toda la empresa. <\/strong><\/li>\n<\/ul>\n<p>[\/et_pb_text][et_pb_text _builder_version=\u00bb4.24.0&#8243; _module_preset=\u00bbdefault\u00bb text_font_size=\u00bb16px\u00bb global_colors_info=\u00bb{}\u00bb]<\/p>\n<p>Todo el personal debe: <\/p>\n<p><strong><\/strong><\/p>\n<ul>\n<li>Compartir la pol\u00edtica y los objetivos en materia de calidad y medio ambiente;<\/li>\n<li>Aplicar los procedimientos e instrucciones de operaci\u00f3n del Sistema Integrado de Gesti\u00f3n.<\/li>\n<\/ul>\n<p>[\/et_pb_text][\/et_pb_column][\/et_pb_row][et_pb_row column_structure=\u00bb2_5,3_5&#8243; make_equal=\u00bbon\u00bb _builder_version=\u00bb4.24.0&#8243; _module_preset=\u00bbdefault\u00bb custom_margin=\u00bb3%||||false|false\u00bb custom_padding=\u00bb||0px||false|false\u00bb global_colors_info=\u00bb{}\u00bb][et_pb_column type=\u00bb2_5&#8243; _builder_version=\u00bb4.23.1&#8243; _module_preset=\u00bbdefault\u00bb global_colors_info=\u00bb{}\u00bb][et_pb_text _builder_version=\u00bb4.24.0&#8243; _module_preset=\u00bbdefault\u00bb text_font=\u00bbEdgaramond Italic &#8211; Variable||||||||\u00bb header_2_font=\u00bb|||on|||||\u00bb header_2_font_size=\u00bb2em\u00bb custom_margin=\u00bb||0px||false|false\u00bb header_2_font_size_tablet=\u00bb2em\u00bb header_2_font_size_phone=\u00bb2em\u00bb header_2_font_size_last_edited=\u00bbon|phone\u00bb global_colors_info=\u00bb{}\u00bb]<\/p>\n<h2>OBJETIVOS<\/h2>\n<p>[\/et_pb_text][\/et_pb_column][et_pb_column type=\u00bb3_5&#8243; _builder_version=\u00bb4.23.1&#8243; _module_preset=\u00bbdefault\u00bb global_colors_info=\u00bb{}\u00bb][et_pb_text _builder_version=\u00bb4.24.0&#8243; _module_preset=\u00bbdefault\u00bb text_font_size=\u00bb16px\u00bb global_colors_info=\u00bb{}\u00bb]<\/p>\n<p>Los objetivos de la pol\u00edtica de calidad y medio ambiente son, por tanto, los siguientes:<\/p>\n<ul><\/ul>\n<p>[\/et_pb_text][\/et_pb_column][\/et_pb_row][et_pb_row column_structure=\u00bb1_3,1_3,1_3&#8243; use_custom_gutter=\u00bbon\u00bb gutter_width=\u00bb4&#8243; _builder_version=\u00bb4.24.0&#8243; _module_preset=\u00bbdefault\u00bb custom_margin=\u00bb3%||||false|false\u00bb custom_padding=\u00bb0px||0px||true|false\u00bb global_colors_info=\u00bb{}\u00bb][et_pb_column type=\u00bb1_3&#8243; _builder_version=\u00bb4.23.4&#8243; _module_preset=\u00bbdefault\u00bb global_colors_info=\u00bb{}\u00bb][et_pb_blurb image=\u00bbhttps:\/\/cori-decor.com\/wp-content\/uploads\/2024\/02\/certificazione-icon.png\u00bb image_icon_width=\u00bb20%\u00bb icon_placement_tablet=\u00bb\u00bb icon_placement_phone=\u00bb\u00bb icon_placement_last_edited=\u00bbon|phone\u00bb _builder_version=\u00bb4.24.0&#8243; _module_preset=\u00bbdefault\u00bb body_text_align=\u00bbcenter\u00bb global_colors_info=\u00bb{}\u00bb]<\/p>\n<p>Mantener la certificaci\u00f3n del Sistema Integrado de Gesti\u00f3n<\/p>\n<p>[\/et_pb_blurb][\/et_pb_column][et_pb_column type=\u00bb1_3&#8243; _builder_version=\u00bb4.23.4&#8243; _module_preset=\u00bbdefault\u00bb global_colors_info=\u00bb{}\u00bb][et_pb_blurb image=\u00bbhttps:\/\/cori-decor.com\/wp-content\/uploads\/2024\/02\/soddisfazione-icon.png\u00bb image_icon_width=\u00bb20%\u00bb _builder_version=\u00bb4.24.0&#8243; _module_preset=\u00bbdefault\u00bb body_text_align=\u00bbcenter\u00bb global_colors_info=\u00bb{}\u00bb]<\/p>\n<p>Maximizar la satisfacci\u00f3n del cliente<\/p>\n<p>[\/et_pb_blurb][\/et_pb_column][et_pb_column type=\u00bb1_3&#8243; _builder_version=\u00bb4.23.4&#8243; _module_preset=\u00bbdefault\u00bb global_colors_info=\u00bb{}\u00bb][et_pb_blurb image=\u00bbhttps:\/\/cori-decor.com\/wp-content\/uploads\/2024\/02\/nc-icon.png\u00bb image_icon_width=\u00bb20%\u00bb _builder_version=\u00bb4.24.0&#8243; _module_preset=\u00bbdefault\u00bb body_text_align=\u00bbcenter\u00bb global_colors_info=\u00bb{}\u00bb]<\/p>\n<p>Minimizar el n\u00famero de NC<\/p>\n<p>[\/et_pb_blurb][\/et_pb_column][\/et_pb_row][et_pb_row column_structure=\u00bb1_3,1_3,1_3&#8243; use_custom_gutter=\u00bbon\u00bb gutter_width=\u00bb4&#8243; _builder_version=\u00bb4.24.0&#8243; _module_preset=\u00bbdefault\u00bb custom_margin=\u00bb3%||||false|false\u00bb custom_padding=\u00bb0px||0px||true|false\u00bb global_colors_info=\u00bb{}\u00bb][et_pb_column type=\u00bb1_3&#8243; _builder_version=\u00bb4.23.4&#8243; _module_preset=\u00bbdefault\u00bb global_colors_info=\u00bb{}\u00bb][et_pb_blurb image=\u00bbhttps:\/\/cori-decor.com\/wp-content\/uploads\/2024\/02\/reclami-icon.png\u00bb image_icon_width=\u00bb20%\u00bb icon_placement_tablet=\u00bb\u00bb icon_placement_phone=\u00bb\u00bb icon_placement_last_edited=\u00bbon|phone\u00bb _builder_version=\u00bb4.24.0&#8243; _module_preset=\u00bbdefault\u00bb body_text_align=\u00bbcenter\u00bb global_colors_info=\u00bb{}\u00bb]<\/p>\n<p>Minimizar el n\u00famero de reclamaciones<\/p>\n<p>[\/et_pb_blurb][\/et_pb_column][et_pb_column type=\u00bb1_3&#8243; _builder_version=\u00bb4.23.4&#8243; _module_preset=\u00bbdefault\u00bb global_colors_info=\u00bb{}\u00bb][et_pb_blurb image=\u00bbhttps:\/\/cori-decor.com\/wp-content\/uploads\/2024\/02\/fatturato-icon.png\u00bb image_icon_width=\u00bb20%\u00bb _builder_version=\u00bb4.24.0&#8243; _module_preset=\u00bbdefault\u00bb body_text_align=\u00bbcenter\u00bb global_colors_info=\u00bb{}\u00bb]<\/p>\n<p>Obtener un resultado de facturaci\u00f3n diferencial no negativo en comparaci\u00f3n con el a\u00f1o anterior<\/p>\n<p>[\/et_pb_blurb][\/et_pb_column][et_pb_column type=\u00bb1_3&#8243; _builder_version=\u00bb4.23.4&#8243; _module_preset=\u00bbdefault\u00bb global_colors_info=\u00bb{}\u00bb][et_pb_blurb image=\u00bbhttps:\/\/cori-decor.com\/wp-content\/uploads\/2024\/02\/personale-icon.png\u00bb image_icon_width=\u00bb20%\u00bb _builder_version=\u00bb4.24.0&#8243; _module_preset=\u00bbdefault\u00bb body_text_align=\u00bbcenter\u00bb global_colors_info=\u00bb{}\u00bb]<\/p>\n<p>Mantener el personal debidamente entrenado<\/p>\n<p>[\/et_pb_blurb][\/et_pb_column][\/et_pb_row][et_pb_row column_structure=\u00bb1_3,1_3,1_3&#8243; use_custom_gutter=\u00bbon\u00bb gutter_width=\u00bb4&#8243; _builder_version=\u00bb4.24.0&#8243; _module_preset=\u00bbdefault\u00bb custom_margin=\u00bb3%||||false|false\u00bb custom_padding=\u00bb0px||0px||true|false\u00bb global_colors_info=\u00bb{}\u00bb][et_pb_column type=\u00bb1_3&#8243; _builder_version=\u00bb4.23.4&#8243; _module_preset=\u00bbdefault\u00bb global_colors_info=\u00bb{}\u00bb][et_pb_blurb image=\u00bbhttps:\/\/cori-decor.com\/wp-content\/uploads\/2024\/02\/performance-icon.png\u00bb image_icon_width=\u00bb20%\u00bb icon_placement_tablet=\u00bb\u00bb icon_placement_phone=\u00bb\u00bb icon_placement_last_edited=\u00bbon|phone\u00bb _builder_version=\u00bb4.24.0&#8243; _module_preset=\u00bbdefault\u00bb body_text_align=\u00bbcenter\u00bb global_colors_info=\u00bb{}\u00bb]<\/p>\n<p>Optimizar el consumo de recursos al tiempo que minimiza los residuos<\/p>\n<p>[\/et_pb_blurb][\/et_pb_column][et_pb_column type=\u00bb1_3&#8243; _builder_version=\u00bb4.23.4&#8243; _module_preset=\u00bbdefault\u00bb global_colors_info=\u00bb{}\u00bb][et_pb_blurb image=\u00bbhttps:\/\/cori-decor.com\/wp-content\/uploads\/2024\/02\/smaltimento-icon.png\u00bb image_icon_width=\u00bb20%\u00bb _builder_version=\u00bb4.24.0&#8243; _module_preset=\u00bbdefault\u00bb body_text_align=\u00bbcenter\u00bb global_colors_info=\u00bb{}\u00bb]<\/p>\n<p>Minimizar la generaci\u00f3n de residuos y garantizar su eliminaci\u00f3n sostenible<\/p>\n<p>[\/et_pb_blurb][\/et_pb_column][et_pb_column type=\u00bb1_3&#8243; _builder_version=\u00bb4.23.4&#8243; _module_preset=\u00bbdefault\u00bb global_colors_info=\u00bb{}\u00bb][et_pb_blurb image=\u00bbhttps:\/\/cori-decor.com\/wp-content\/uploads\/2024\/02\/energy-icon.png\u00bb image_icon_width=\u00bb20%\u00bb _builder_version=\u00bb4.24.0&#8243; _module_preset=\u00bbdefault\u00bb body_text_align=\u00bbcenter\u00bb global_colors_info=\u00bb{}\u00bb]<\/p>\n<p>Minimizar el impacto ambiental de la empresa<\/p>\n<p>[\/et_pb_blurb][\/et_pb_column][\/et_pb_row][\/et_pb_section][et_pb_section fb_built=\u00bb1&#8243; _builder_version=\u00bb4.24.0&#8243; _module_preset=\u00bbdefault\u00bb background_color=\u00bb#A4773C\u00bb custom_padding=\u00bb0px||0px||true|false\u00bb global_colors_info=\u00bb{}\u00bb][et_pb_row _builder_version=\u00bb4.24.0&#8243; _module_preset=\u00bbdefault\u00bb global_colors_info=\u00bb{}\u00bb][et_pb_column type=\u00bb4_4&#8243; _builder_version=\u00bb4.24.0&#8243; _module_preset=\u00bbdefault\u00bb global_colors_info=\u00bb{}\u00bb][et_pb_button button_url=\u00bb\/wp-content\/uploads\/2024\/02\/00-D-10_231130_Politica_Qualita_e_Ambiente_r0.pdf\u00bb url_new_window=\u00bbon\u00bb button_text=\u00bbDescargar la Pol\u00edtica de Calidad y Medio Ambiente\u00bb button_alignment=\u00bbcenter\u00bb button_alignment_tablet=\u00bbleft\u00bb button_alignment_phone=\u00bbleft\u00bb button_alignment_last_edited=\u00bbon|tablet\u00bb module_class=\u00bbicon-button-product alternate\u00bb _builder_version=\u00bb4.24.0&#8243; _module_preset=\u00bbdefault\u00bb custom_button=\u00bbon\u00bb button_text_color=\u00bb#F6F6F6&#8243; button_bg_color=\u00bbRGBA(255,255,255,0)\u00bb button_border_width=\u00bb0px\u00bb button_border_radius=\u00bb0px\u00bb button_font=\u00bb||||||||\u00bb button_icon=\u00bb&#x22;||divi||400&#8243; button_on_hover=\u00bboff\u00bb button_text_size_tablet=\u00bb\u00bb button_text_size_phone=\u00bb17px\u00bb button_text_size_last_edited=\u00bbon|phone\u00bb locked=\u00bboff\u00bb global_colors_info=\u00bb{}\u00bb button_bg_color__hover=\u00bbRGBA(255,255,255,0)\u00bb button_bg_color__hover_enabled=\u00bbon|hover\u00bb][\/et_pb_button][\/et_pb_column][\/et_pb_row][\/et_pb_section]<\/p>\n","protected":false},"excerpt":{"rendered":"<p><div class=\"et_pb_module dipl_breadcrumb dipl_breadcrumb_0\">\n\t\t\t\t\n\t\t\t\t\n\t\t\t\t\n\t\t\t\t\n\t\t\t\t\n\t\t\t\t\n\t\t\t\t<div class=\"et_pb_module_inner\">\n\t\t\t\t\t<div class=\"dipl-breadcrumb-wrapper layout1\">\n\t\t\t\t\t\t\t\t<ol class=\"dipl-breadcrumb-inner\" vocab=\"https:\/\/schema.org\/\" typeof=\"BreadcrumbList\">\n\t\t\t\t\t\t\t\t\t<li property=\"itemListElement\" typeof=\"ListItem\" >\n\t\t\t\t\t\t\t\t\t\t\t\t\t\t    <a class=\"breadcrumb-item dipl-home-page\" href=\"https:\/\/cori-decor.com\/es\/\" property=\"item\" typeof=\"WebPage\" >\n\t\t\t\t\t\t\t\t\t\t\t\t\t\t      \t<span class=\"breadcrumb-page\" property=\"name\">Home<\/span>\n\t\t\t\t\t\t\t\t\t\t\t\t\t\t    <\/a>\n\t\t\t\t\t\t\t\t\t\t\t\t\t\t    <meta property=\"position\" content=\"1\" \/>\n\t\t\t\t\t\t\t\t\t\t\t\t\t\t<\/li>\n\t\t\t\t\t\t\t\t<\/ol>\n\t\t\t\t\t\t\t<\/div>\n\t\t\t\t<\/div>\n\t\t\t<\/div>P\u00e1gina de informaci\u00f3nPol\u00edtica de Calidad y Medio AmbientePoliticaCORI S.R.L. establece una pol\u00edtica de calidad y medio ambiente con vistas a la mejora continua con el fin de: Cumplir con las expectativas del cliente Cumplimiento de la legislaci\u00f3n obligatoria aplicable Cumplimiento de las normas UNI EN [&hellip;]<\/p>\n","protected":false},"author":1,"featured_media":0,"parent":0,"menu_order":0,"comment_status":"closed","ping_status":"closed","template":"","meta":{"_acf_changed":false,"_et_pb_use_builder":"on","_et_pb_old_content":"","_et_gb_content_width":"","footnotes":""},"class_list":["post-1349","page","type-page","status-publish","hentry"],"acf":[],"yoast_head":"<!-- This site is optimized with the Yoast SEO plugin v25.4 - https:\/\/yoast.com\/wordpress\/plugins\/seo\/ -->\n<title>Pol\u00edtica de calidad medioambiental | Cori Decor<\/title>\n<meta name=\"description\" content=\"Conozca nuestra pol\u00edtica de calidad medioambiental en Cori Decor. Nos esforzamos por reducir el impacto ecol\u00f3gico y promover la sostenibilidad.\" \/>\n<meta name=\"robots\" content=\"index, follow, max-snippet:-1, max-image-preview:large, max-video-preview:-1\" \/>\n<link rel=\"canonical\" href=\"https:\/\/cori-decor.com\/es\/politica-de-calidad-y-medio-ambiente\/\" \/>\n<meta property=\"og:locale\" content=\"es_ES\" \/>\n<meta property=\"og:type\" content=\"article\" \/>\n<meta property=\"og:title\" content=\"Pol\u00edtica de calidad medioambiental | Cori Decor\" \/>\n<meta property=\"og:description\" content=\"Conozca nuestra pol\u00edtica de calidad medioambiental en Cori Decor. Nos esforzamos por reducir el impacto ecol\u00f3gico y promover la sostenibilidad.\" \/>\n<meta property=\"og:url\" content=\"https:\/\/cori-decor.com\/es\/politica-de-calidad-y-medio-ambiente\/\" \/>\n<meta property=\"og:site_name\" content=\"Coridecor\" \/>\n<meta property=\"article:modified_time\" content=\"2024-05-28T14:54:57+00:00\" \/>\n<meta name=\"twitter:card\" content=\"summary_large_image\" \/>\n<meta name=\"twitter:label1\" content=\"Tiempo de lectura\" \/>\n\t<meta name=\"twitter:data1\" content=\"8 minutos\" \/>\n<script type=\"application\/ld+json\" class=\"yoast-schema-graph\">{\"@context\":\"https:\/\/schema.org\",\"@graph\":[{\"@type\":\"WebPage\",\"@id\":\"https:\/\/cori-decor.com\/es\/politica-de-calidad-y-medio-ambiente\/\",\"url\":\"https:\/\/cori-decor.com\/es\/politica-de-calidad-y-medio-ambiente\/\",\"name\":\"Pol\u00edtica de calidad medioambiental | Cori Decor\",\"isPartOf\":{\"@id\":\"https:\/\/cori-decor.com\/es\/#website\"},\"datePublished\":\"2024-02-08T09:53:24+00:00\",\"dateModified\":\"2024-05-28T14:54:57+00:00\",\"description\":\"Conozca nuestra pol\u00edtica de calidad medioambiental en Cori Decor. Nos esforzamos por reducir el impacto ecol\u00f3gico y promover la sostenibilidad.\",\"breadcrumb\":{\"@id\":\"https:\/\/cori-decor.com\/es\/politica-de-calidad-y-medio-ambiente\/#breadcrumb\"},\"inLanguage\":\"es\",\"potentialAction\":[{\"@type\":\"ReadAction\",\"target\":[\"https:\/\/cori-decor.com\/es\/politica-de-calidad-y-medio-ambiente\/\"]}]},{\"@type\":\"BreadcrumbList\",\"@id\":\"https:\/\/cori-decor.com\/es\/politica-de-calidad-y-medio-ambiente\/#breadcrumb\",\"itemListElement\":[{\"@type\":\"ListItem\",\"position\":1,\"name\":\"Home\",\"item\":\"https:\/\/cori-decor.com\/es\/pagina-de-inicio\/\"},{\"@type\":\"ListItem\",\"position\":2,\"name\":\"Pol\u00edtica de Calidad y Medio Ambiente\"}]},{\"@type\":\"WebSite\",\"@id\":\"https:\/\/cori-decor.com\/es\/#website\",\"url\":\"https:\/\/cori-decor.com\/es\/\",\"name\":\"Cori Decor\",\"description\":\"\",\"publisher\":{\"@id\":\"https:\/\/cori-decor.com\/es\/#organization\"},\"potentialAction\":[{\"@type\":\"SearchAction\",\"target\":{\"@type\":\"EntryPoint\",\"urlTemplate\":\"https:\/\/cori-decor.com\/es\/?s={search_term_string}\"},\"query-input\":{\"@type\":\"PropertyValueSpecification\",\"valueRequired\":true,\"valueName\":\"search_term_string\"}}],\"inLanguage\":\"es\"},{\"@type\":\"Organization\",\"@id\":\"https:\/\/cori-decor.com\/es\/#organization\",\"name\":\"Cori S.r.l.\",\"url\":\"https:\/\/cori-decor.com\/es\/\",\"logo\":{\"@type\":\"ImageObject\",\"inLanguage\":\"es\",\"@id\":\"https:\/\/cori-decor.com\/es\/#\/schema\/logo\/image\/\",\"url\":\"https:\/\/cori-decor.com\/wp-content\/uploads\/2023\/12\/Logo-CORIDECOR.png\",\"contentUrl\":\"https:\/\/cori-decor.com\/wp-content\/uploads\/2023\/12\/Logo-CORIDECOR.png\",\"width\":828,\"height\":320,\"caption\":\"Cori S.r.l.\"},\"image\":{\"@id\":\"https:\/\/cori-decor.com\/es\/#\/schema\/logo\/image\/\"}}]}<\/script>\n<!-- \/ Yoast SEO plugin. -->","yoast_head_json":{"title":"Pol\u00edtica de calidad medioambiental | Cori Decor","description":"Conozca nuestra pol\u00edtica de calidad medioambiental en Cori Decor. Nos esforzamos por reducir el impacto ecol\u00f3gico y promover la sostenibilidad.","robots":{"index":"index","follow":"follow","max-snippet":"max-snippet:-1","max-image-preview":"max-image-preview:large","max-video-preview":"max-video-preview:-1"},"canonical":"https:\/\/cori-decor.com\/es\/politica-de-calidad-y-medio-ambiente\/","og_locale":"es_ES","og_type":"article","og_title":"Pol\u00edtica de calidad medioambiental | Cori Decor","og_description":"Conozca nuestra pol\u00edtica de calidad medioambiental en Cori Decor. Nos esforzamos por reducir el impacto ecol\u00f3gico y promover la sostenibilidad.","og_url":"https:\/\/cori-decor.com\/es\/politica-de-calidad-y-medio-ambiente\/","og_site_name":"Coridecor","article_modified_time":"2024-05-28T14:54:57+00:00","twitter_card":"summary_large_image","twitter_misc":{"Tiempo de lectura":"8 minutos"},"schema":{"@context":"https:\/\/schema.org","@graph":[{"@type":"WebPage","@id":"https:\/\/cori-decor.com\/es\/politica-de-calidad-y-medio-ambiente\/","url":"https:\/\/cori-decor.com\/es\/politica-de-calidad-y-medio-ambiente\/","name":"Pol\u00edtica de calidad medioambiental | Cori Decor","isPartOf":{"@id":"https:\/\/cori-decor.com\/es\/#website"},"datePublished":"2024-02-08T09:53:24+00:00","dateModified":"2024-05-28T14:54:57+00:00","description":"Conozca nuestra pol\u00edtica de calidad medioambiental en Cori Decor. Nos esforzamos por reducir el impacto ecol\u00f3gico y promover la sostenibilidad.","breadcrumb":{"@id":"https:\/\/cori-decor.com\/es\/politica-de-calidad-y-medio-ambiente\/#breadcrumb"},"inLanguage":"es","potentialAction":[{"@type":"ReadAction","target":["https:\/\/cori-decor.com\/es\/politica-de-calidad-y-medio-ambiente\/"]}]},{"@type":"BreadcrumbList","@id":"https:\/\/cori-decor.com\/es\/politica-de-calidad-y-medio-ambiente\/#breadcrumb","itemListElement":[{"@type":"ListItem","position":1,"name":"Home","item":"https:\/\/cori-decor.com\/es\/pagina-de-inicio\/"},{"@type":"ListItem","position":2,"name":"Pol\u00edtica de Calidad y Medio Ambiente"}]},{"@type":"WebSite","@id":"https:\/\/cori-decor.com\/es\/#website","url":"https:\/\/cori-decor.com\/es\/","name":"Cori Decor","description":"","publisher":{"@id":"https:\/\/cori-decor.com\/es\/#organization"},"potentialAction":[{"@type":"SearchAction","target":{"@type":"EntryPoint","urlTemplate":"https:\/\/cori-decor.com\/es\/?s={search_term_string}"},"query-input":{"@type":"PropertyValueSpecification","valueRequired":true,"valueName":"search_term_string"}}],"inLanguage":"es"},{"@type":"Organization","@id":"https:\/\/cori-decor.com\/es\/#organization","name":"Cori S.r.l.","url":"https:\/\/cori-decor.com\/es\/","logo":{"@type":"ImageObject","inLanguage":"es","@id":"https:\/\/cori-decor.com\/es\/#\/schema\/logo\/image\/","url":"https:\/\/cori-decor.com\/wp-content\/uploads\/2023\/12\/Logo-CORIDECOR.png","contentUrl":"https:\/\/cori-decor.com\/wp-content\/uploads\/2023\/12\/Logo-CORIDECOR.png","width":828,"height":320,"caption":"Cori S.r.l."},"image":{"@id":"https:\/\/cori-decor.com\/es\/#\/schema\/logo\/image\/"}}]}},"_links":{"self":[{"href":"https:\/\/cori-decor.com\/es\/wp-json\/wp\/v2\/pages\/1349","targetHints":{"allow":["GET"]}}],"collection":[{"href":"https:\/\/cori-decor.com\/es\/wp-json\/wp\/v2\/pages"}],"about":[{"href":"https:\/\/cori-decor.com\/es\/wp-json\/wp\/v2\/types\/page"}],"author":[{"embeddable":true,"href":"https:\/\/cori-decor.com\/es\/wp-json\/wp\/v2\/users\/1"}],"replies":[{"embeddable":true,"href":"https:\/\/cori-decor.com\/es\/wp-json\/wp\/v2\/comments?post=1349"}],"version-history":[{"count":6,"href":"https:\/\/cori-decor.com\/es\/wp-json\/wp\/v2\/pages\/1349\/revisions"}],"predecessor-version":[{"id":1700,"href":"https:\/\/cori-decor.com\/es\/wp-json\/wp\/v2\/pages\/1349\/revisions\/1700"}],"wp:attachment":[{"href":"https:\/\/cori-decor.com\/es\/wp-json\/wp\/v2\/media?parent=1349"}],"curies":[{"name":"wp","href":"https:\/\/api.w.org\/{rel}","templated":true}]}}