{"id":1399,"date":"2024-02-08T11:17:47","date_gmt":"2024-02-08T11:17:47","guid":{"rendered":"https:\/\/cori-decor.com\/etichettatura-ambientale\/"},"modified":"2024-05-28T14:52:42","modified_gmt":"2024-05-28T14:52:42","slug":"etiquetado-ambiental","status":"publish","type":"page","link":"https:\/\/cori-decor.com\/es\/etiquetado-ambiental\/","title":{"rendered":"Etiquetado ambiental"},"content":{"rendered":"<p>[et_pb_section fb_built=\u00bb1&#8243; _builder_version=\u00bb4.24.0&#8243; _module_preset=\u00bbdefault\u00bb background_image=\u00bbhttps:\/\/cori-decor.com\/wp-content\/uploads\/2023\/12\/Pattern.png\u00bb custom_padding=\u00bb1%||||false|false\u00bb global_colors_info=\u00bb{}\u00bb][et_pb_row _builder_version=\u00bb4.24.0&#8243; _module_preset=\u00bbdefault\u00bb width=\u00bb100%\u00bb max_width=\u00bb98%\u00bb custom_padding=\u00bb0px||0px||true|false\u00bb locked=\u00bboff\u00bb global_colors_info=\u00bb{}\u00bb][et_pb_column type=\u00bb4_4&#8243; _builder_version=\u00bb4.24.0&#8243; _module_preset=\u00bbdefault\u00bb global_colors_info=\u00bb{}\u00bb][dipl_breadcrumb nav_bg_color=\u00bb#F6F6F6&#8243; enable_different_bg=\u00bbon\u00bb breadcrumb_item_custom_padding=\u00bb7%||7%||true|false\u00bb use_home_link_custom_text=\u00bboff\u00bb _builder_version=\u00bb4.24.0&#8243; _module_preset=\u00bbdefault\u00bb global_text_settings_font_size=\u00bb12px\u00bb text_text_color=\u00bb#F6F6F6&#8243; link_text_color=\u00bb#A4773C\u00bb global_colors_info=\u00bb{}\u00bb][\/dipl_breadcrumb][\/et_pb_column][\/et_pb_row][et_pb_row _builder_version=\u00bb4.23.1&#8243; _module_preset=\u00bbdefault\u00bb custom_margin=\u00bb||3%||false|false\u00bb global_colors_info=\u00bb{}\u00bb][et_pb_column type=\u00bb4_4&#8243; _builder_version=\u00bb4.23.1&#8243; _module_preset=\u00bbdefault\u00bb global_colors_info=\u00bb{}\u00bb][et_pb_text _builder_version=\u00bb4.23.4&#8243; _module_preset=\u00bbdefault\u00bb text_font=\u00bbEdgaramond Italic &#8211; Variable||||||||\u00bb text_font_size=\u00bb23px\u00bb custom_margin=\u00bb||1%||false|false\u00bb custom_margin_tablet=\u00bb||3%||false|false\u00bb custom_margin_phone=\u00bb||7%||false|false\u00bb custom_margin_last_edited=\u00bbon|tablet\u00bb global_colors_info=\u00bb{}\u00bb]<\/p>\n<p>P\u00e1gina de informaci\u00f3n<\/p>\n<p>[\/et_pb_text][et_pb_text _builder_version=\u00bb4.23.4&#8243; _module_preset=\u00bbdefault\u00bb header_font=\u00bb||||||||\u00bb header_text_align=\u00bbleft\u00bb header_font_size=\u00bb7em\u00bb header_font_size_tablet=\u00bb5em\u00bb header_font_size_phone=\u00bb2.8em\u00bb header_font_size_last_edited=\u00bbon|phone\u00bb global_colors_info=\u00bb{}\u00bb]<\/p>\n<h1>Etiquetado ambiental<\/h1>\n<p>[\/et_pb_text][\/et_pb_column][\/et_pb_row][et_pb_row column_structure=\u00bb2_5,3_5&#8243; make_equal=\u00bbon\u00bb _builder_version=\u00bb4.23.4&#8243; _module_preset=\u00bbdefault\u00bb global_colors_info=\u00bb{}\u00bb][et_pb_column type=\u00bb2_5&#8243; _builder_version=\u00bb4.23.1&#8243; _module_preset=\u00bbdefault\u00bb global_colors_info=\u00bb{}\u00bb][et_pb_image src=\u00bbhttps:\/\/cori-decor.com\/wp-content\/uploads\/2024\/02\/DOVE-LO-BUTTO.jpg\u00bb title_text=\u00bbDONDE LO PONGO\u00bb _builder_version=\u00bb4.24.0&#8243; _module_preset=\u00bbdefault\u00bb global_colors_info=\u00bb{}\u00bb][\/et_pb_image][\/et_pb_column][et_pb_column type=\u00bb3_5&#8243; _builder_version=\u00bb4.23.1&#8243; _module_preset=\u00bbdefault\u00bb global_colors_info=\u00bb{}\u00bb][et_pb_text _builder_version=\u00bb4.24.0&#8243; _module_preset=\u00bbdefault\u00bb text_font_size=\u00bb16px\u00bb global_colors_info=\u00bb{}\u00bb]<\/p>\n<p>El etiquetado ambiental es un paso importante hacia una <strong>gesti\u00f3n m\u00e1s sostenible de los residuos<\/strong>, que lleva a una mayor participaci\u00f3n de las empresas y los consumidores en la recogida selectiva. La introducci\u00f3n del etiquetado ambiental en todos los envases, a partir del 1 de enero de 2023, es un compromiso concreto para <strong>sensibilizar e informar a los consumidores sobre la correcta eliminaci\u00f3n de los materiales. <\/strong><\/p>\n<p>Aqu\u00ed hay algunas indicaciones sobre el etiquetado ambiental de CORI:<\/p>\n<ul>\n<li><strong>C\u00f3digo del Material:<\/strong> Cada componente del embalaje se identificar\u00e1 mediante un c\u00f3digo alfanum\u00e9rico que indique el tipo de material utilizado, que ser\u00e1 \u00fatil para identificar y separar los diferentes materiales durante la recogida selectiva.<\/li>\n<li><strong>Indicaci\u00f3n de Recogida:<\/strong> indicaci\u00f3n de d\u00f3nde entregar el embalaje para simplificar el proceso de recogida selectiva.<\/li>\n<li><strong>Consejos de Recogida Selectiva: <\/strong> incluye consejos pr\u00e1cticos para mejorar la calidad de la recogida selectiva.<\/li>\n<\/ul>\n<p>Se recomienda que consulte las indicaciones espec\u00edficas de la recogida selectiva en su \u00e1rea local, ya que los procedimientos pueden variar de un lugar a otro. La participaci\u00f3n activa de los consumidores es fundamental para el \u00e9xito de estas iniciativas, <strong>ya que todos pueden contribuir a la mejora del medio ambiente mediante una gesti\u00f3n adecuada de los residuos. <\/strong><\/p>\n<p>[\/et_pb_text][\/et_pb_column][\/et_pb_row][\/et_pb_section]<\/p>\n","protected":false},"excerpt":{"rendered":"<p><div class=\"et_pb_module dipl_breadcrumb dipl_breadcrumb_0\">\n\t\t\t\t\n\t\t\t\t\n\t\t\t\t\n\t\t\t\t\n\t\t\t\t\n\t\t\t\t\n\t\t\t\t<div class=\"et_pb_module_inner\">\n\t\t\t\t\t<div class=\"dipl-breadcrumb-wrapper layout1\">\n\t\t\t\t\t\t\t\t<ol class=\"dipl-breadcrumb-inner\" vocab=\"https:\/\/schema.org\/\" typeof=\"BreadcrumbList\">\n\t\t\t\t\t\t\t\t\t<li property=\"itemListElement\" typeof=\"ListItem\" >\n\t\t\t\t\t\t\t\t\t\t\t\t\t\t    <a class=\"breadcrumb-item dipl-home-page\" href=\"https:\/\/cori-decor.com\/es\/\" property=\"item\" typeof=\"WebPage\" >\n\t\t\t\t\t\t\t\t\t\t\t\t\t\t      \t<span class=\"breadcrumb-page\" property=\"name\">Home<\/span>\n\t\t\t\t\t\t\t\t\t\t\t\t\t\t    <\/a>\n\t\t\t\t\t\t\t\t\t\t\t\t\t\t    <meta property=\"position\" content=\"1\" \/>\n\t\t\t\t\t\t\t\t\t\t\t\t\t\t<\/li>\n\t\t\t\t\t\t\t\t<\/ol>\n\t\t\t\t\t\t\t<\/div>\n\t\t\t\t<\/div>\n\t\t\t<\/div>P\u00e1gina de informaci\u00f3nEtiquetado ambientalEl etiquetado ambiental es un paso importante hacia una gesti\u00f3n m\u00e1s sostenible de los residuos, que lleva a una mayor participaci\u00f3n de las empresas y los consumidores en la recogida selectiva. La introducci\u00f3n del etiquetado ambiental en todos los envases, a partir [&hellip;]<\/p>\n","protected":false},"author":1,"featured_media":0,"parent":0,"menu_order":0,"comment_status":"closed","ping_status":"closed","template":"","meta":{"_acf_changed":false,"_et_pb_use_builder":"on","_et_pb_old_content":"","_et_gb_content_width":"","footnotes":""},"class_list":["post-1399","page","type-page","status-publish","hentry"],"acf":[],"yoast_head":"<!-- This site is optimized with the Yoast SEO plugin v25.4 - https:\/\/yoast.com\/wordpress\/plugins\/seo\/ -->\n<title>Etiquetado ambiental - Coridecor<\/title>\n<meta name=\"description\" content=\"Descubra nuestro compromiso con el etiquetado medioambiental y la sostenibilidad. Conozca nuestras pr\u00e1cticas y valores para un mundo m\u00e1s verde.\" \/>\n<meta name=\"robots\" content=\"index, follow, max-snippet:-1, max-image-preview:large, max-video-preview:-1\" \/>\n<link rel=\"canonical\" href=\"https:\/\/cori-decor.com\/es\/etiquetado-ambiental\/\" \/>\n<meta property=\"og:locale\" content=\"es_ES\" \/>\n<meta property=\"og:type\" content=\"article\" \/>\n<meta property=\"og:title\" content=\"Etiquetado ambiental - Coridecor\" \/>\n<meta property=\"og:description\" content=\"Descubra nuestro compromiso con el etiquetado medioambiental y la sostenibilidad. Conozca nuestras pr\u00e1cticas y valores para un mundo m\u00e1s verde.\" \/>\n<meta property=\"og:url\" content=\"https:\/\/cori-decor.com\/es\/etiquetado-ambiental\/\" \/>\n<meta property=\"og:site_name\" content=\"Coridecor\" \/>\n<meta property=\"article:modified_time\" content=\"2024-05-28T14:52:42+00:00\" \/>\n<meta name=\"twitter:card\" content=\"summary_large_image\" \/>\n<meta name=\"twitter:label1\" content=\"Tiempo de lectura\" \/>\n\t<meta name=\"twitter:data1\" content=\"3 minutos\" \/>\n<script type=\"application\/ld+json\" class=\"yoast-schema-graph\">{\"@context\":\"https:\/\/schema.org\",\"@graph\":[{\"@type\":\"WebPage\",\"@id\":\"https:\/\/cori-decor.com\/es\/etiquetado-ambiental\/\",\"url\":\"https:\/\/cori-decor.com\/es\/etiquetado-ambiental\/\",\"name\":\"Etiquetado ambiental - Coridecor\",\"isPartOf\":{\"@id\":\"https:\/\/cori-decor.com\/es\/#website\"},\"datePublished\":\"2024-02-08T11:17:47+00:00\",\"dateModified\":\"2024-05-28T14:52:42+00:00\",\"description\":\"Descubra nuestro compromiso con el etiquetado medioambiental y la sostenibilidad. Conozca nuestras pr\u00e1cticas y valores para un mundo m\u00e1s verde.\",\"breadcrumb\":{\"@id\":\"https:\/\/cori-decor.com\/es\/etiquetado-ambiental\/#breadcrumb\"},\"inLanguage\":\"es\",\"potentialAction\":[{\"@type\":\"ReadAction\",\"target\":[\"https:\/\/cori-decor.com\/es\/etiquetado-ambiental\/\"]}]},{\"@type\":\"BreadcrumbList\",\"@id\":\"https:\/\/cori-decor.com\/es\/etiquetado-ambiental\/#breadcrumb\",\"itemListElement\":[{\"@type\":\"ListItem\",\"position\":1,\"name\":\"Home\",\"item\":\"https:\/\/cori-decor.com\/es\/pagina-de-inicio\/\"},{\"@type\":\"ListItem\",\"position\":2,\"name\":\"Etiquetado ambiental\"}]},{\"@type\":\"WebSite\",\"@id\":\"https:\/\/cori-decor.com\/es\/#website\",\"url\":\"https:\/\/cori-decor.com\/es\/\",\"name\":\"Cori Decor\",\"description\":\"\",\"publisher\":{\"@id\":\"https:\/\/cori-decor.com\/es\/#organization\"},\"potentialAction\":[{\"@type\":\"SearchAction\",\"target\":{\"@type\":\"EntryPoint\",\"urlTemplate\":\"https:\/\/cori-decor.com\/es\/?s={search_term_string}\"},\"query-input\":{\"@type\":\"PropertyValueSpecification\",\"valueRequired\":true,\"valueName\":\"search_term_string\"}}],\"inLanguage\":\"es\"},{\"@type\":\"Organization\",\"@id\":\"https:\/\/cori-decor.com\/es\/#organization\",\"name\":\"Cori S.r.l.\",\"url\":\"https:\/\/cori-decor.com\/es\/\",\"logo\":{\"@type\":\"ImageObject\",\"inLanguage\":\"es\",\"@id\":\"https:\/\/cori-decor.com\/es\/#\/schema\/logo\/image\/\",\"url\":\"https:\/\/cori-decor.com\/wp-content\/uploads\/2023\/12\/Logo-CORIDECOR.png\",\"contentUrl\":\"https:\/\/cori-decor.com\/wp-content\/uploads\/2023\/12\/Logo-CORIDECOR.png\",\"width\":828,\"height\":320,\"caption\":\"Cori S.r.l.\"},\"image\":{\"@id\":\"https:\/\/cori-decor.com\/es\/#\/schema\/logo\/image\/\"}}]}<\/script>\n<!-- \/ Yoast SEO plugin. -->","yoast_head_json":{"title":"Etiquetado ambiental - Coridecor","description":"Descubra nuestro compromiso con el etiquetado medioambiental y la sostenibilidad. Conozca nuestras pr\u00e1cticas y valores para un mundo m\u00e1s verde.","robots":{"index":"index","follow":"follow","max-snippet":"max-snippet:-1","max-image-preview":"max-image-preview:large","max-video-preview":"max-video-preview:-1"},"canonical":"https:\/\/cori-decor.com\/es\/etiquetado-ambiental\/","og_locale":"es_ES","og_type":"article","og_title":"Etiquetado ambiental - Coridecor","og_description":"Descubra nuestro compromiso con el etiquetado medioambiental y la sostenibilidad. Conozca nuestras pr\u00e1cticas y valores para un mundo m\u00e1s verde.","og_url":"https:\/\/cori-decor.com\/es\/etiquetado-ambiental\/","og_site_name":"Coridecor","article_modified_time":"2024-05-28T14:52:42+00:00","twitter_card":"summary_large_image","twitter_misc":{"Tiempo de lectura":"3 minutos"},"schema":{"@context":"https:\/\/schema.org","@graph":[{"@type":"WebPage","@id":"https:\/\/cori-decor.com\/es\/etiquetado-ambiental\/","url":"https:\/\/cori-decor.com\/es\/etiquetado-ambiental\/","name":"Etiquetado ambiental - Coridecor","isPartOf":{"@id":"https:\/\/cori-decor.com\/es\/#website"},"datePublished":"2024-02-08T11:17:47+00:00","dateModified":"2024-05-28T14:52:42+00:00","description":"Descubra nuestro compromiso con el etiquetado medioambiental y la sostenibilidad. Conozca nuestras pr\u00e1cticas y valores para un mundo m\u00e1s verde.","breadcrumb":{"@id":"https:\/\/cori-decor.com\/es\/etiquetado-ambiental\/#breadcrumb"},"inLanguage":"es","potentialAction":[{"@type":"ReadAction","target":["https:\/\/cori-decor.com\/es\/etiquetado-ambiental\/"]}]},{"@type":"BreadcrumbList","@id":"https:\/\/cori-decor.com\/es\/etiquetado-ambiental\/#breadcrumb","itemListElement":[{"@type":"ListItem","position":1,"name":"Home","item":"https:\/\/cori-decor.com\/es\/pagina-de-inicio\/"},{"@type":"ListItem","position":2,"name":"Etiquetado ambiental"}]},{"@type":"WebSite","@id":"https:\/\/cori-decor.com\/es\/#website","url":"https:\/\/cori-decor.com\/es\/","name":"Cori Decor","description":"","publisher":{"@id":"https:\/\/cori-decor.com\/es\/#organization"},"potentialAction":[{"@type":"SearchAction","target":{"@type":"EntryPoint","urlTemplate":"https:\/\/cori-decor.com\/es\/?s={search_term_string}"},"query-input":{"@type":"PropertyValueSpecification","valueRequired":true,"valueName":"search_term_string"}}],"inLanguage":"es"},{"@type":"Organization","@id":"https:\/\/cori-decor.com\/es\/#organization","name":"Cori S.r.l.","url":"https:\/\/cori-decor.com\/es\/","logo":{"@type":"ImageObject","inLanguage":"es","@id":"https:\/\/cori-decor.com\/es\/#\/schema\/logo\/image\/","url":"https:\/\/cori-decor.com\/wp-content\/uploads\/2023\/12\/Logo-CORIDECOR.png","contentUrl":"https:\/\/cori-decor.com\/wp-content\/uploads\/2023\/12\/Logo-CORIDECOR.png","width":828,"height":320,"caption":"Cori S.r.l."},"image":{"@id":"https:\/\/cori-decor.com\/es\/#\/schema\/logo\/image\/"}}]}},"_links":{"self":[{"href":"https:\/\/cori-decor.com\/es\/wp-json\/wp\/v2\/pages\/1399","targetHints":{"allow":["GET"]}}],"collection":[{"href":"https:\/\/cori-decor.com\/es\/wp-json\/wp\/v2\/pages"}],"about":[{"href":"https:\/\/cori-decor.com\/es\/wp-json\/wp\/v2\/types\/page"}],"author":[{"embeddable":true,"href":"https:\/\/cori-decor.com\/es\/wp-json\/wp\/v2\/users\/1"}],"replies":[{"embeddable":true,"href":"https:\/\/cori-decor.com\/es\/wp-json\/wp\/v2\/comments?post=1399"}],"version-history":[{"count":6,"href":"https:\/\/cori-decor.com\/es\/wp-json\/wp\/v2\/pages\/1399\/revisions"}],"predecessor-version":[{"id":1693,"href":"https:\/\/cori-decor.com\/es\/wp-json\/wp\/v2\/pages\/1399\/revisions\/1693"}],"wp:attachment":[{"href":"https:\/\/cori-decor.com\/es\/wp-json\/wp\/v2\/media?parent=1399"}],"curies":[{"name":"wp","href":"https:\/\/api.w.org\/{rel}","templated":true}]}}