{"id":1533,"date":"2023-12-19T09:40:17","date_gmt":"2023-12-19T09:40:17","guid":{"rendered":"https:\/\/cori-decor.com\/prodotto\/marmorint\/"},"modified":"2024-05-28T15:22:37","modified_gmt":"2024-05-28T15:22:37","slug":"marmorint","status":"publish","type":"product","link":"https:\/\/cori-decor.com\/es\/producto\/marmorint\/","title":{"rendered":"Marmorint"},"content":{"rendered":"<p>Acabado de espesor cl\u00e1sico: excelente para preservar y decorar los valores a lo largo del tiempo. Creado con piedras de m\u00e1rmol precioso para dar vida al cl\u00e1sico efecto de yeso rizado<\/p>\n","protected":false},"excerpt":{"rendered":"<p>Yeso de cal para interiores y exteriores<\/p>\n","protected":false},"featured_media":570,"comment_status":"open","ping_status":"closed","template":"","meta":{"_acf_changed":false,"_et_pb_use_builder":"","_et_pb_old_content":"","_et_gb_content_width":""},"product_brand":[],"product_cat":[118],"product_tag":[],"class_list":{"0":"post-1533","1":"product","2":"type-product","3":"status-publish","4":"has-post-thumbnail","6":"product_cat-sin-categorizar","8":"first","9":"instock","10":"shipping-taxable","11":"product-type-simple"},"acf":[],"yoast_head":"<!-- This site is optimized with the Yoast SEO plugin v25.4 - https:\/\/yoast.com\/wordpress\/plugins\/seo\/ -->\n<title>Marmorint - Enlucido de cal para interiores y exteriores | Cori Decor<\/title>\n<meta name=\"description\" content=\"Descubra Marmorint de Cori Decor: un enlucido de cal de alta calidad ideal para acabados cl\u00e1sicos en paredes interiores y exteriores.\" \/>\n<meta name=\"robots\" content=\"index, follow, max-snippet:-1, max-image-preview:large, max-video-preview:-1\" \/>\n<link rel=\"canonical\" href=\"https:\/\/cori-decor.com\/es\/producto\/marmorint\/\" \/>\n<meta property=\"og:locale\" content=\"es_ES\" \/>\n<meta property=\"og:type\" content=\"article\" \/>\n<meta property=\"og:title\" content=\"Marmorint - Enlucido de cal para interiores y exteriores | Cori Decor\" \/>\n<meta property=\"og:description\" content=\"Descubra Marmorint de Cori Decor: un enlucido de cal de alta calidad ideal para acabados cl\u00e1sicos en paredes interiores y exteriores.\" \/>\n<meta property=\"og:url\" content=\"https:\/\/cori-decor.com\/es\/producto\/marmorint\/\" \/>\n<meta property=\"og:site_name\" content=\"Coridecor\" \/>\n<meta property=\"article:modified_time\" content=\"2024-05-28T15:22:37+00:00\" \/>\n<meta property=\"og:image\" content=\"https:\/\/cori-decor.com\/wp-content\/uploads\/2023\/12\/0201.jpg\" \/>\n\t<meta property=\"og:image:width\" content=\"1094\" \/>\n\t<meta property=\"og:image:height\" content=\"1641\" \/>\n\t<meta property=\"og:image:type\" content=\"image\/jpeg\" \/>\n<meta name=\"twitter:card\" content=\"summary_large_image\" \/>\n<script type=\"application\/ld+json\" class=\"yoast-schema-graph\">{\"@context\":\"https:\/\/schema.org\",\"@graph\":[{\"@type\":\"WebPage\",\"@id\":\"https:\/\/cori-decor.com\/es\/producto\/marmorint\/\",\"url\":\"https:\/\/cori-decor.com\/es\/producto\/marmorint\/\",\"name\":\"Marmorint - Enlucido de cal para interiores y exteriores | Cori Decor\",\"isPartOf\":{\"@id\":\"https:\/\/cori-decor.com\/es\/#website\"},\"primaryImageOfPage\":{\"@id\":\"https:\/\/cori-decor.com\/es\/producto\/marmorint\/#primaryimage\"},\"image\":{\"@id\":\"https:\/\/cori-decor.com\/es\/producto\/marmorint\/#primaryimage\"},\"thumbnailUrl\":\"https:\/\/cori-decor.com\/wp-content\/uploads\/2023\/12\/0201.jpg\",\"datePublished\":\"2023-12-19T09:40:17+00:00\",\"dateModified\":\"2024-05-28T15:22:37+00:00\",\"description\":\"Descubra Marmorint de Cori Decor: un enlucido de cal de alta calidad ideal para acabados cl\u00e1sicos en paredes interiores y exteriores.\",\"breadcrumb\":{\"@id\":\"https:\/\/cori-decor.com\/es\/producto\/marmorint\/#breadcrumb\"},\"inLanguage\":\"es\",\"potentialAction\":[{\"@type\":\"ReadAction\",\"target\":[\"https:\/\/cori-decor.com\/es\/producto\/marmorint\/\"]}]},{\"@type\":\"ImageObject\",\"inLanguage\":\"es\",\"@id\":\"https:\/\/cori-decor.com\/es\/producto\/marmorint\/#primaryimage\",\"url\":\"https:\/\/cori-decor.com\/wp-content\/uploads\/2023\/12\/0201.jpg\",\"contentUrl\":\"https:\/\/cori-decor.com\/wp-content\/uploads\/2023\/12\/0201.jpg\",\"width\":1094,\"height\":1641,\"caption\":\"marmorint\"},{\"@type\":\"BreadcrumbList\",\"@id\":\"https:\/\/cori-decor.com\/es\/producto\/marmorint\/#breadcrumb\",\"itemListElement\":[{\"@type\":\"ListItem\",\"position\":1,\"name\":\"Home\",\"item\":\"https:\/\/cori-decor.com\/es\/pagina-de-inicio\/\"},{\"@type\":\"ListItem\",\"position\":2,\"name\":\"Finiture\",\"item\":\"https:\/\/cori-decor.com\/finiture\/\"},{\"@type\":\"ListItem\",\"position\":3,\"name\":\"Marmorint\"}]},{\"@type\":\"WebSite\",\"@id\":\"https:\/\/cori-decor.com\/es\/#website\",\"url\":\"https:\/\/cori-decor.com\/es\/\",\"name\":\"Cori Decor\",\"description\":\"\",\"publisher\":{\"@id\":\"https:\/\/cori-decor.com\/es\/#organization\"},\"potentialAction\":[{\"@type\":\"SearchAction\",\"target\":{\"@type\":\"EntryPoint\",\"urlTemplate\":\"https:\/\/cori-decor.com\/es\/?s={search_term_string}\"},\"query-input\":{\"@type\":\"PropertyValueSpecification\",\"valueRequired\":true,\"valueName\":\"search_term_string\"}}],\"inLanguage\":\"es\"},{\"@type\":\"Organization\",\"@id\":\"https:\/\/cori-decor.com\/es\/#organization\",\"name\":\"Cori S.r.l.\",\"url\":\"https:\/\/cori-decor.com\/es\/\",\"logo\":{\"@type\":\"ImageObject\",\"inLanguage\":\"es\",\"@id\":\"https:\/\/cori-decor.com\/es\/#\/schema\/logo\/image\/\",\"url\":\"https:\/\/cori-decor.com\/wp-content\/uploads\/2023\/12\/Logo-CORIDECOR.png\",\"contentUrl\":\"https:\/\/cori-decor.com\/wp-content\/uploads\/2023\/12\/Logo-CORIDECOR.png\",\"width\":828,\"height\":320,\"caption\":\"Cori S.r.l.\"},\"image\":{\"@id\":\"https:\/\/cori-decor.com\/es\/#\/schema\/logo\/image\/\"}}]}<\/script>\n<!-- \/ Yoast SEO plugin. -->","yoast_head_json":{"title":"Marmorint - Enlucido de cal para interiores y exteriores | Cori Decor","description":"Descubra Marmorint de Cori Decor: un enlucido de cal de alta calidad ideal para acabados cl\u00e1sicos en paredes interiores y exteriores.","robots":{"index":"index","follow":"follow","max-snippet":"max-snippet:-1","max-image-preview":"max-image-preview:large","max-video-preview":"max-video-preview:-1"},"canonical":"https:\/\/cori-decor.com\/es\/producto\/marmorint\/","og_locale":"es_ES","og_type":"article","og_title":"Marmorint - Enlucido de cal para interiores y exteriores | Cori Decor","og_description":"Descubra Marmorint de Cori Decor: un enlucido de cal de alta calidad ideal para acabados cl\u00e1sicos en paredes interiores y exteriores.","og_url":"https:\/\/cori-decor.com\/es\/producto\/marmorint\/","og_site_name":"Coridecor","article_modified_time":"2024-05-28T15:22:37+00:00","og_image":[{"width":1094,"height":1641,"url":"https:\/\/cori-decor.com\/wp-content\/uploads\/2023\/12\/0201.jpg","type":"image\/jpeg"}],"twitter_card":"summary_large_image","schema":{"@context":"https:\/\/schema.org","@graph":[{"@type":"WebPage","@id":"https:\/\/cori-decor.com\/es\/producto\/marmorint\/","url":"https:\/\/cori-decor.com\/es\/producto\/marmorint\/","name":"Marmorint - Enlucido de cal para interiores y exteriores | Cori Decor","isPartOf":{"@id":"https:\/\/cori-decor.com\/es\/#website"},"primaryImageOfPage":{"@id":"https:\/\/cori-decor.com\/es\/producto\/marmorint\/#primaryimage"},"image":{"@id":"https:\/\/cori-decor.com\/es\/producto\/marmorint\/#primaryimage"},"thumbnailUrl":"https:\/\/cori-decor.com\/wp-content\/uploads\/2023\/12\/0201.jpg","datePublished":"2023-12-19T09:40:17+00:00","dateModified":"2024-05-28T15:22:37+00:00","description":"Descubra Marmorint de Cori Decor: un enlucido de cal de alta calidad ideal para acabados cl\u00e1sicos en paredes interiores y exteriores.","breadcrumb":{"@id":"https:\/\/cori-decor.com\/es\/producto\/marmorint\/#breadcrumb"},"inLanguage":"es","potentialAction":[{"@type":"ReadAction","target":["https:\/\/cori-decor.com\/es\/producto\/marmorint\/"]}]},{"@type":"ImageObject","inLanguage":"es","@id":"https:\/\/cori-decor.com\/es\/producto\/marmorint\/#primaryimage","url":"https:\/\/cori-decor.com\/wp-content\/uploads\/2023\/12\/0201.jpg","contentUrl":"https:\/\/cori-decor.com\/wp-content\/uploads\/2023\/12\/0201.jpg","width":1094,"height":1641,"caption":"marmorint"},{"@type":"BreadcrumbList","@id":"https:\/\/cori-decor.com\/es\/producto\/marmorint\/#breadcrumb","itemListElement":[{"@type":"ListItem","position":1,"name":"Home","item":"https:\/\/cori-decor.com\/es\/pagina-de-inicio\/"},{"@type":"ListItem","position":2,"name":"Finiture","item":"https:\/\/cori-decor.com\/finiture\/"},{"@type":"ListItem","position":3,"name":"Marmorint"}]},{"@type":"WebSite","@id":"https:\/\/cori-decor.com\/es\/#website","url":"https:\/\/cori-decor.com\/es\/","name":"Cori Decor","description":"","publisher":{"@id":"https:\/\/cori-decor.com\/es\/#organization"},"potentialAction":[{"@type":"SearchAction","target":{"@type":"EntryPoint","urlTemplate":"https:\/\/cori-decor.com\/es\/?s={search_term_string}"},"query-input":{"@type":"PropertyValueSpecification","valueRequired":true,"valueName":"search_term_string"}}],"inLanguage":"es"},{"@type":"Organization","@id":"https:\/\/cori-decor.com\/es\/#organization","name":"Cori S.r.l.","url":"https:\/\/cori-decor.com\/es\/","logo":{"@type":"ImageObject","inLanguage":"es","@id":"https:\/\/cori-decor.com\/es\/#\/schema\/logo\/image\/","url":"https:\/\/cori-decor.com\/wp-content\/uploads\/2023\/12\/Logo-CORIDECOR.png","contentUrl":"https:\/\/cori-decor.com\/wp-content\/uploads\/2023\/12\/Logo-CORIDECOR.png","width":828,"height":320,"caption":"Cori S.r.l."},"image":{"@id":"https:\/\/cori-decor.com\/es\/#\/schema\/logo\/image\/"}}]}},"_links":{"self":[{"href":"https:\/\/cori-decor.com\/es\/wp-json\/wp\/v2\/product\/1533","targetHints":{"allow":["GET"]}}],"collection":[{"href":"https:\/\/cori-decor.com\/es\/wp-json\/wp\/v2\/product"}],"about":[{"href":"https:\/\/cori-decor.com\/es\/wp-json\/wp\/v2\/types\/product"}],"replies":[{"embeddable":true,"href":"https:\/\/cori-decor.com\/es\/wp-json\/wp\/v2\/comments?post=1533"}],"wp:featuredmedia":[{"embeddable":true,"href":"https:\/\/cori-decor.com\/es\/wp-json\/wp\/v2\/media\/570"}],"wp:attachment":[{"href":"https:\/\/cori-decor.com\/es\/wp-json\/wp\/v2\/media?parent=1533"}],"wp:term":[{"taxonomy":"product_brand","embeddable":true,"href":"https:\/\/cori-decor.com\/es\/wp-json\/wp\/v2\/product_brand?post=1533"},{"taxonomy":"product_cat","embeddable":true,"href":"https:\/\/cori-decor.com\/es\/wp-json\/wp\/v2\/product_cat?post=1533"},{"taxonomy":"product_tag","embeddable":true,"href":"https:\/\/cori-decor.com\/es\/wp-json\/wp\/v2\/product_tag?post=1533"}],"curies":[{"name":"wp","href":"https:\/\/api.w.org\/{rel}","templated":true}]}}