{"id":1397,"date":"2024-02-08T11:17:47","date_gmt":"2024-02-08T11:17:47","guid":{"rendered":"https:\/\/cori-decor.com\/etichettatura-ambientale\/"},"modified":"2024-05-28T14:38:50","modified_gmt":"2024-05-28T14:38:50","slug":"etiquetage-environnemental","status":"publish","type":"page","link":"https:\/\/cori-decor.com\/fr\/etiquetage-environnemental\/","title":{"rendered":"\u00c9tiquetage environnemental"},"content":{"rendered":"<p>[et_pb_section fb_built=\u00a0\u00bb1&Prime; _builder_version=\u00a0\u00bb4.24.0&Prime; _module_preset=\u00a0\u00bbdefault\u00a0\u00bb background_image=\u00a0\u00bbhttps:\/\/cori-decor.com\/wp-content\/uploads\/2023\/12\/Pattern.png\u00a0\u00bb custom_padding=\u00a0\u00bb1%||||false|false\u00a0\u00bb global_colors_info=\u00a0\u00bb{}\u00a0\u00bb][et_pb_row _builder_version=\u00a0\u00bb4.24.0&Prime; _module_preset=\u00a0\u00bbdefault\u00a0\u00bb width=\u00a0\u00bb100%\u00a0\u00bb max_width=\u00a0\u00bb98%\u00a0\u00bb custom_padding=\u00a0\u00bb0px||0px||true|false\u00a0\u00bb locked=\u00a0\u00bboff\u00a0\u00bb global_colors_info=\u00a0\u00bb{}\u00a0\u00bb][et_pb_column type=\u00a0\u00bb4_4&Prime; _builder_version=\u00a0\u00bb4.24.0&Prime; _module_preset=\u00a0\u00bbdefault\u00a0\u00bb global_colors_info=\u00a0\u00bb{}\u00a0\u00bb][dipl_breadcrumb nav_bg_color=\u00a0\u00bb#F6F6F6&Prime; enable_different_bg=\u00a0\u00bbon\u00a0\u00bb breadcrumb_item_custom_padding=\u00a0\u00bb7%||7%||true|false\u00a0\u00bb use_home_link_custom_text=\u00a0\u00bboff\u00a0\u00bb _builder_version=\u00a0\u00bb4.24.0&Prime; _module_preset=\u00a0\u00bbdefault\u00a0\u00bb global_text_settings_font_size=\u00a0\u00bb12px\u00a0\u00bb text_text_color=\u00a0\u00bb#F6F6F6&Prime; link_text_color=\u00a0\u00bb#A4773C\u00a0\u00bb global_colors_info=\u00a0\u00bb{}\u00a0\u00bb][\/dipl_breadcrumb][\/et_pb_column][\/et_pb_row][et_pb_row _builder_version=\u00a0\u00bb4.23.1&Prime; _module_preset=\u00a0\u00bbdefault\u00a0\u00bb custom_margin=\u00a0\u00bb||3%||false|false\u00a0\u00bb global_colors_info=\u00a0\u00bb{}\u00a0\u00bb][et_pb_column type=\u00a0\u00bb4_4&Prime; _builder_version=\u00a0\u00bb4.23.1&Prime; _module_preset=\u00a0\u00bbdefault\u00a0\u00bb global_colors_info=\u00a0\u00bb{}\u00a0\u00bb][et_pb_text _builder_version=\u00a0\u00bb4.23.4&Prime; _module_preset=\u00a0\u00bbdefault\u00a0\u00bb text_font=\u00a0\u00bbEdgaramond Italic &#8211; Variable||||||||\u00a0\u00bb text_font_size=\u00a0\u00bb23px\u00a0\u00bb custom_margin=\u00a0\u00bb||1%||false|false\u00a0\u00bb custom_margin_tablet=\u00a0\u00bb||3%||false|false\u00a0\u00bb custom_margin_phone=\u00a0\u00bb||7%||false|false\u00a0\u00bb custom_margin_last_edited=\u00a0\u00bbon|tablet\u00a0\u00bb global_colors_info=\u00a0\u00bb{}\u00a0\u00bb]<\/p>\n<p>Page informative<\/p>\n<p>[\/et_pb_text][et_pb_text _builder_version=\u00a0\u00bb4.23.4&Prime; _module_preset=\u00a0\u00bbdefault\u00a0\u00bb header_font=\u00a0\u00bb||||||||\u00a0\u00bb header_text_align=\u00a0\u00bbleft\u00a0\u00bb header_font_size=\u00a0\u00bb7em\u00a0\u00bb header_font_size_tablet=\u00a0\u00bb5em\u00a0\u00bb header_font_size_phone=\u00a0\u00bb2.8em\u00a0\u00bb header_font_size_last_edited=\u00a0\u00bbon|phone\u00a0\u00bb global_colors_info=\u00a0\u00bb{}\u00a0\u00bb]<\/p>\n<h1>\u00c9tiquetage environnemental<\/h1>\n<p>[\/et_pb_text][\/et_pb_column][\/et_pb_row][et_pb_row column_structure=\u00a0\u00bb2_5,3_5&Prime; make_equal=\u00a0\u00bbon\u00a0\u00bb _builder_version=\u00a0\u00bb4.23.4&Prime; _module_preset=\u00a0\u00bbdefault\u00a0\u00bb global_colors_info=\u00a0\u00bb{}\u00a0\u00bb][et_pb_column type=\u00a0\u00bb2_5&Prime; _builder_version=\u00a0\u00bb4.23.1&Prime; _module_preset=\u00a0\u00bbdefault\u00a0\u00bb global_colors_info=\u00a0\u00bb{}\u00a0\u00bb][et_pb_image src=\u00a0\u00bbhttps:\/\/cori-decor.com\/wp-content\/uploads\/2024\/02\/DOVE-LO-BUTTO.jpg\u00a0\u00bb title_text=\u00a0\u00bbO\u00d9 JE L&apos;AI MIS\u00a0\u00bb _builder_version=\u00a0\u00bb4.24.0&Prime; _module_preset=\u00a0\u00bbdefault\u00a0\u00bb global_colors_info=\u00a0\u00bb{}\u00a0\u00bb][\/et_pb_image][\/et_pb_column][et_pb_column type=\u00a0\u00bb3_5&Prime; _builder_version=\u00a0\u00bb4.23.1&Prime; _module_preset=\u00a0\u00bbdefault\u00a0\u00bb global_colors_info=\u00a0\u00bb{}\u00a0\u00bb][et_pb_text _builder_version=\u00a0\u00bb4.24.0&Prime; _module_preset=\u00a0\u00bbdefault\u00a0\u00bb text_font_size=\u00a0\u00bb16px\u00a0\u00bb global_colors_info=\u00a0\u00bb{}\u00a0\u00bb]<\/p>\n<p>L&rsquo;\u00e9tiquetage environnemental est une \u00e9tape importante vers une <strong>gestion plus durable des d\u00e9chets<\/strong>, conduisant \u00e0 une plus grande implication des entreprises et des consommateurs dans la collecte s\u00e9lective. L&rsquo;introduction de l&rsquo;\u00e9tiquetage environnemental sur tous les emballages \u00e0 partir du 1er janvier 2023 repr\u00e9sente un engagement concret pour la <strong>sensibilisation et l\u2019information des consommateurs sur l&rsquo;\u00e9limination correcte des mat\u00e9riaux. <\/strong><\/p>\n<p>Voici quelques indications concernant l&rsquo;\u00e9tiquetage environnemental de CORI:<\/p>\n<ul>\n<li><strong>Code du mat\u00e9riel :<\/strong> Chaque \u00e9l\u00e9ment de l&#8217;emballage sera marqu\u00e9 d\u2019un code alphanum\u00e9rique indiquant le type de mat\u00e9riau utilis\u00e9, utile pour identifier et s\u00e9parer les diff\u00e9rents mat\u00e9riaux lors de la collecte s\u00e9lective.<\/li>\n<li><strong>Indication pour la collecte : <\/strong> il est indiqu\u00e9 o\u00f9 \u00e9liminer l&#8217;emballage pour simplifier le processus de collecte s\u00e9lective.<\/li>\n<li><strong>Conseils pour la collecte s\u00e9lective: <\/strong> comprend des conseils pratiques pour am\u00e9liorer la qualit\u00e9 de la collecte s\u00e9lective.<\/li>\n<\/ul>\n<p>Il est recommand\u00e9 de consulter les directives pour la collecte s\u00e9lective dans votre r\u00e9gion, car les proc\u00e9dures peuvent varier d&rsquo;un endroit \u00e0 l&rsquo;autre. La participation active des consommateurs est fondamentale pour le succ\u00e8s de ces initiatives, <strong>car chacun peut contribuer \u00e0 l&rsquo;am\u00e9lioration de l&rsquo;environnement gr\u00e2ce \u00e0 une bonne gestion des d\u00e9chets. <\/strong><\/p>\n<p>[\/et_pb_text][\/et_pb_column][\/et_pb_row][\/et_pb_section]<\/p>\n","protected":false},"excerpt":{"rendered":"<p><div class=\"et_pb_module dipl_breadcrumb dipl_breadcrumb_0\">\n\t\t\t\t\n\t\t\t\t\n\t\t\t\t\n\t\t\t\t\n\t\t\t\t\n\t\t\t\t\n\t\t\t\t<div class=\"et_pb_module_inner\">\n\t\t\t\t\t<div class=\"dipl-breadcrumb-wrapper layout1\">\n\t\t\t\t\t\t\t\t<ol class=\"dipl-breadcrumb-inner\" vocab=\"https:\/\/schema.org\/\" typeof=\"BreadcrumbList\">\n\t\t\t\t\t\t\t\t\t<li property=\"itemListElement\" typeof=\"ListItem\" >\n\t\t\t\t\t\t\t\t\t\t\t\t\t\t    <a class=\"breadcrumb-item dipl-home-page\" href=\"https:\/\/cori-decor.com\/fr\/\" property=\"item\" typeof=\"WebPage\" >\n\t\t\t\t\t\t\t\t\t\t\t\t\t\t      \t<span class=\"breadcrumb-page\" property=\"name\">Home<\/span>\n\t\t\t\t\t\t\t\t\t\t\t\t\t\t    <\/a>\n\t\t\t\t\t\t\t\t\t\t\t\t\t\t    <meta property=\"position\" content=\"1\" \/>\n\t\t\t\t\t\t\t\t\t\t\t\t\t\t<\/li>\n\t\t\t\t\t\t\t\t<\/ol>\n\t\t\t\t\t\t\t<\/div>\n\t\t\t\t<\/div>\n\t\t\t<\/div>Page informative\u00c9tiquetage environnementalL&rsquo;\u00e9tiquetage environnemental est une \u00e9tape importante vers une gestion plus durable des d\u00e9chets, conduisant \u00e0 une plus grande implication des entreprises et des consommateurs dans la collecte s\u00e9lective. L&rsquo;introduction de l&rsquo;\u00e9tiquetage environnemental sur tous les emballages \u00e0 partir du 1er janvier 2023 repr\u00e9sente [&hellip;]<\/p>\n","protected":false},"author":1,"featured_media":0,"parent":0,"menu_order":0,"comment_status":"closed","ping_status":"closed","template":"","meta":{"_acf_changed":false,"_et_pb_use_builder":"on","_et_pb_old_content":"","_et_gb_content_width":"","footnotes":""},"class_list":["post-1397","page","type-page","status-publish","hentry"],"acf":[],"yoast_head":"<!-- This site is optimized with the Yoast SEO plugin v25.4 - https:\/\/yoast.com\/wordpress\/plugins\/seo\/ -->\n<title>\u00c9tiquetage environnemental - Coridecor<\/title>\n<meta name=\"description\" content=\"D\u00e9couvrez notre engagement en mati\u00e8re d&#039;\u00e9tiquetage environnemental et de d\u00e9veloppement durable. D\u00e9couvrez nos pratiques et nos valeurs pour un monde plus vert.\" \/>\n<meta name=\"robots\" content=\"index, follow, max-snippet:-1, max-image-preview:large, max-video-preview:-1\" \/>\n<link rel=\"canonical\" href=\"https:\/\/cori-decor.com\/fr\/etiquetage-environnemental\/\" \/>\n<meta property=\"og:locale\" content=\"fr_FR\" \/>\n<meta property=\"og:type\" content=\"article\" \/>\n<meta property=\"og:title\" content=\"\u00c9tiquetage environnemental - Coridecor\" \/>\n<meta property=\"og:description\" content=\"D\u00e9couvrez notre engagement en mati\u00e8re d&#039;\u00e9tiquetage environnemental et de d\u00e9veloppement durable. D\u00e9couvrez nos pratiques et nos valeurs pour un monde plus vert.\" \/>\n<meta property=\"og:url\" content=\"https:\/\/cori-decor.com\/fr\/etiquetage-environnemental\/\" \/>\n<meta property=\"og:site_name\" content=\"Coridecor\" \/>\n<meta property=\"article:modified_time\" content=\"2024-05-28T14:38:50+00:00\" \/>\n<meta name=\"twitter:card\" content=\"summary_large_image\" \/>\n<meta name=\"twitter:label1\" content=\"Dur\u00e9e de lecture estim\u00e9e\" \/>\n\t<meta name=\"twitter:data1\" content=\"3 minutes\" \/>\n<script type=\"application\/ld+json\" class=\"yoast-schema-graph\">{\"@context\":\"https:\/\/schema.org\",\"@graph\":[{\"@type\":\"WebPage\",\"@id\":\"https:\/\/cori-decor.com\/fr\/etiquetage-environnemental\/\",\"url\":\"https:\/\/cori-decor.com\/fr\/etiquetage-environnemental\/\",\"name\":\"\u00c9tiquetage environnemental - Coridecor\",\"isPartOf\":{\"@id\":\"https:\/\/cori-decor.com\/fr\/#website\"},\"datePublished\":\"2024-02-08T11:17:47+00:00\",\"dateModified\":\"2024-05-28T14:38:50+00:00\",\"description\":\"D\u00e9couvrez notre engagement en mati\u00e8re d'\u00e9tiquetage environnemental et de d\u00e9veloppement durable. D\u00e9couvrez nos pratiques et nos valeurs pour un monde plus vert.\",\"breadcrumb\":{\"@id\":\"https:\/\/cori-decor.com\/fr\/etiquetage-environnemental\/#breadcrumb\"},\"inLanguage\":\"fr-FR\",\"potentialAction\":[{\"@type\":\"ReadAction\",\"target\":[\"https:\/\/cori-decor.com\/fr\/etiquetage-environnemental\/\"]}]},{\"@type\":\"BreadcrumbList\",\"@id\":\"https:\/\/cori-decor.com\/fr\/etiquetage-environnemental\/#breadcrumb\",\"itemListElement\":[{\"@type\":\"ListItem\",\"position\":1,\"name\":\"Home\",\"item\":\"https:\/\/cori-decor.com\/fr\/page-daccueil\/\"},{\"@type\":\"ListItem\",\"position\":2,\"name\":\"\u00c9tiquetage environnemental\"}]},{\"@type\":\"WebSite\",\"@id\":\"https:\/\/cori-decor.com\/fr\/#website\",\"url\":\"https:\/\/cori-decor.com\/fr\/\",\"name\":\"Cori Decor\",\"description\":\"\",\"publisher\":{\"@id\":\"https:\/\/cori-decor.com\/fr\/#organization\"},\"potentialAction\":[{\"@type\":\"SearchAction\",\"target\":{\"@type\":\"EntryPoint\",\"urlTemplate\":\"https:\/\/cori-decor.com\/fr\/?s={search_term_string}\"},\"query-input\":{\"@type\":\"PropertyValueSpecification\",\"valueRequired\":true,\"valueName\":\"search_term_string\"}}],\"inLanguage\":\"fr-FR\"},{\"@type\":\"Organization\",\"@id\":\"https:\/\/cori-decor.com\/fr\/#organization\",\"name\":\"Cori S.r.l.\",\"url\":\"https:\/\/cori-decor.com\/fr\/\",\"logo\":{\"@type\":\"ImageObject\",\"inLanguage\":\"fr-FR\",\"@id\":\"https:\/\/cori-decor.com\/fr\/#\/schema\/logo\/image\/\",\"url\":\"https:\/\/cori-decor.com\/wp-content\/uploads\/2023\/12\/Logo-CORIDECOR.png\",\"contentUrl\":\"https:\/\/cori-decor.com\/wp-content\/uploads\/2023\/12\/Logo-CORIDECOR.png\",\"width\":828,\"height\":320,\"caption\":\"Cori S.r.l.\"},\"image\":{\"@id\":\"https:\/\/cori-decor.com\/fr\/#\/schema\/logo\/image\/\"}}]}<\/script>\n<!-- \/ Yoast SEO plugin. -->","yoast_head_json":{"title":"\u00c9tiquetage environnemental - Coridecor","description":"D\u00e9couvrez notre engagement en mati\u00e8re d'\u00e9tiquetage environnemental et de d\u00e9veloppement durable. D\u00e9couvrez nos pratiques et nos valeurs pour un monde plus vert.","robots":{"index":"index","follow":"follow","max-snippet":"max-snippet:-1","max-image-preview":"max-image-preview:large","max-video-preview":"max-video-preview:-1"},"canonical":"https:\/\/cori-decor.com\/fr\/etiquetage-environnemental\/","og_locale":"fr_FR","og_type":"article","og_title":"\u00c9tiquetage environnemental - Coridecor","og_description":"D\u00e9couvrez notre engagement en mati\u00e8re d'\u00e9tiquetage environnemental et de d\u00e9veloppement durable. D\u00e9couvrez nos pratiques et nos valeurs pour un monde plus vert.","og_url":"https:\/\/cori-decor.com\/fr\/etiquetage-environnemental\/","og_site_name":"Coridecor","article_modified_time":"2024-05-28T14:38:50+00:00","twitter_card":"summary_large_image","twitter_misc":{"Dur\u00e9e de lecture estim\u00e9e":"3 minutes"},"schema":{"@context":"https:\/\/schema.org","@graph":[{"@type":"WebPage","@id":"https:\/\/cori-decor.com\/fr\/etiquetage-environnemental\/","url":"https:\/\/cori-decor.com\/fr\/etiquetage-environnemental\/","name":"\u00c9tiquetage environnemental - Coridecor","isPartOf":{"@id":"https:\/\/cori-decor.com\/fr\/#website"},"datePublished":"2024-02-08T11:17:47+00:00","dateModified":"2024-05-28T14:38:50+00:00","description":"D\u00e9couvrez notre engagement en mati\u00e8re d'\u00e9tiquetage environnemental et de d\u00e9veloppement durable. D\u00e9couvrez nos pratiques et nos valeurs pour un monde plus vert.","breadcrumb":{"@id":"https:\/\/cori-decor.com\/fr\/etiquetage-environnemental\/#breadcrumb"},"inLanguage":"fr-FR","potentialAction":[{"@type":"ReadAction","target":["https:\/\/cori-decor.com\/fr\/etiquetage-environnemental\/"]}]},{"@type":"BreadcrumbList","@id":"https:\/\/cori-decor.com\/fr\/etiquetage-environnemental\/#breadcrumb","itemListElement":[{"@type":"ListItem","position":1,"name":"Home","item":"https:\/\/cori-decor.com\/fr\/page-daccueil\/"},{"@type":"ListItem","position":2,"name":"\u00c9tiquetage environnemental"}]},{"@type":"WebSite","@id":"https:\/\/cori-decor.com\/fr\/#website","url":"https:\/\/cori-decor.com\/fr\/","name":"Cori Decor","description":"","publisher":{"@id":"https:\/\/cori-decor.com\/fr\/#organization"},"potentialAction":[{"@type":"SearchAction","target":{"@type":"EntryPoint","urlTemplate":"https:\/\/cori-decor.com\/fr\/?s={search_term_string}"},"query-input":{"@type":"PropertyValueSpecification","valueRequired":true,"valueName":"search_term_string"}}],"inLanguage":"fr-FR"},{"@type":"Organization","@id":"https:\/\/cori-decor.com\/fr\/#organization","name":"Cori S.r.l.","url":"https:\/\/cori-decor.com\/fr\/","logo":{"@type":"ImageObject","inLanguage":"fr-FR","@id":"https:\/\/cori-decor.com\/fr\/#\/schema\/logo\/image\/","url":"https:\/\/cori-decor.com\/wp-content\/uploads\/2023\/12\/Logo-CORIDECOR.png","contentUrl":"https:\/\/cori-decor.com\/wp-content\/uploads\/2023\/12\/Logo-CORIDECOR.png","width":828,"height":320,"caption":"Cori S.r.l."},"image":{"@id":"https:\/\/cori-decor.com\/fr\/#\/schema\/logo\/image\/"}}]}},"_links":{"self":[{"href":"https:\/\/cori-decor.com\/fr\/wp-json\/wp\/v2\/pages\/1397","targetHints":{"allow":["GET"]}}],"collection":[{"href":"https:\/\/cori-decor.com\/fr\/wp-json\/wp\/v2\/pages"}],"about":[{"href":"https:\/\/cori-decor.com\/fr\/wp-json\/wp\/v2\/types\/page"}],"author":[{"embeddable":true,"href":"https:\/\/cori-decor.com\/fr\/wp-json\/wp\/v2\/users\/1"}],"replies":[{"embeddable":true,"href":"https:\/\/cori-decor.com\/fr\/wp-json\/wp\/v2\/comments?post=1397"}],"version-history":[{"count":6,"href":"https:\/\/cori-decor.com\/fr\/wp-json\/wp\/v2\/pages\/1397\/revisions"}],"predecessor-version":[{"id":1653,"href":"https:\/\/cori-decor.com\/fr\/wp-json\/wp\/v2\/pages\/1397\/revisions\/1653"}],"wp:attachment":[{"href":"https:\/\/cori-decor.com\/fr\/wp-json\/wp\/v2\/media?parent=1397"}],"curies":[{"name":"wp","href":"https:\/\/api.w.org\/{rel}","templated":true}]}}